{"id":712,"date":"2024-05-02T12:10:23","date_gmt":"2024-05-02T12:10:23","guid":{"rendered":"https:\/\/jakola.iwn.co\/contact-us\/"},"modified":"2024-06-05T09:50:26","modified_gmt":"2024-06-05T09:50:26","slug":"contact-us","status":"publish","type":"page","link":"https:\/\/jakola.fi\/en\/contact-us\/","title":{"rendered":"Contact us"},"content":{"rendered":"\n<section id=\"gm2177e87\" class=\"wp-block-gutentor-m3 section-gm2177e87 gutentor-module gutentor-container-cover\"><div class=\"grid-container\">\n<section id=\"gmb3bfe38\" class=\"wp-block-gutentor-m3 alignfull section-gmb3bfe38 gutentor-module gutentor-container-cover\"><div class=\"grid-container\">\n<section id=\"gm763a207\" class=\"wp-block-gutentor-m4 section-gm763a207 gutentor-module gutentor-advanced-columns\"><div class=\"grid-container\"><div class=\"grid-row\">\n<div id=\"col-gm6df706\" class=\"wp-block-gutentor-m4-col col-gm6df706 gutentor-single-column  grid-lg-6 grid-md-12 grid-12\"><div id=\"section-gm6df706\" class=\"section-gm6df706 gutentor-col-wrap\">\n<div id=\"section-gff9448\" class=\"wp-block-gutentor-e1 section-gff9448 gutentor-element gutentor-element-advanced-text text-align-left-mobile\"><div class=\"gutentor-text-wrap\"><h3 class=\"gutentor-text\">Postal Address<\/h3><\/div><\/div>\n\n\n\n<div id=\"section-g337410\" class=\"wp-block-gutentor-e0 section-g337410 gutentor-element gutentor-element-advanced-text\"><div class=\"gutentor-text-wrap\"><p class=\"gutentor-text\">Karajoentie 294 A<br>43480 P\u00e4\u00e4j\u00e4rvi<\/p><\/div><\/div>\n\n\n\n<hr class=\"wp-block-separator has-alpha-channel-opacity\" \/>\n\n\n\n<div id=\"section-gda47a5\" class=\"wp-block-gutentor-e1 section-gda47a5 gutentor-element gutentor-element-advanced-text text-align-left-mobile\"><div class=\"gutentor-text-wrap\"><h3 class=\"gutentor-text\">Contact Information<\/h3><\/div><\/div>\n\n\n\n<div id=\"section-gc38827\" class=\"wp-block-gutentor-e0 section-gc38827 gutentor-element gutentor-element-advanced-text\"><div class=\"gutentor-text-wrap\"><p class=\"gutentor-text\"><strong>Email: <\/strong>mirja.oikari@jakola.fi<br><strong>Email: <\/strong>info@jakola.fi<br><strong>Tel:<\/strong> 040 5653716<\/p><\/div><\/div>\n<\/div><\/div>\n\n\n\n<div id=\"col-gm4d2052\" class=\"wp-block-gutentor-m4-col col-gm4d2052 gutentor-single-column  grid-lg-6 grid-md-12 grid-12\"><div id=\"section-gm4d2052\" class=\"section-gm4d2052 gutentor-col-wrap has-color-bg has-custom-bg\">\n<div id=\"section-ge5bef7\" class=\"wp-block-gutentor-e1 section-ge5bef7 gutentor-element gutentor-element-advanced-text\"><div class=\"gutentor-text-wrap\"><h2 class=\"gutentor-text\">Contact us<\/h2><\/div><\/div>\n\n\n\n<div class=\"wpcf7 no-js\" id=\"wpcf7-f781-o1\" lang=\"en-US\" dir=\"ltr\" data-wpcf7-id=\"781\">\n<div class=\"screen-reader-response\"><p role=\"status\" aria-live=\"polite\" aria-atomic=\"true\"><\/p> <ul><\/ul><\/div>\n<form action=\"\/en\/wp-json\/wp\/v2\/pages\/712#wpcf7-f781-o1\" method=\"post\" class=\"wpcf7-form init\" aria-label=\"Contact form\" novalidate=\"novalidate\" data-status=\"init\">\n<fieldset class=\"hidden-fields-container\"><input type=\"hidden\" name=\"_wpcf7\" value=\"781\" \/><input type=\"hidden\" name=\"_wpcf7_version\" value=\"6.1.5\" \/><input type=\"hidden\" name=\"_wpcf7_locale\" value=\"en_US\" \/><input type=\"hidden\" name=\"_wpcf7_unit_tag\" value=\"wpcf7-f781-o1\" \/><input type=\"hidden\" name=\"_wpcf7_container_post\" value=\"0\" \/><input type=\"hidden\" name=\"_wpcf7_posted_data_hash\" value=\"\" \/>\n<\/fieldset>\n<div class=\"contact_form_wrapper\">\n\t<div class=\"field_row half_field\">\n\t\t<div class=\"field_item\">\n\t\t\t<p><span class=\"wpcf7-form-control-wrap\" data-name=\"text-247\"><input size=\"40\" maxlength=\"400\" class=\"wpcf7-form-control wpcf7-text wpcf7-validates-as-required form-control\" aria-required=\"true\" aria-invalid=\"false\" placeholder=\"Name\" value=\"\" type=\"text\" name=\"text-247\" \/><\/span>\n\t\t\t<\/p>\n\t\t<\/div>\n\t\t<div class=\"field_item\">\n\t\t\t<p><span class=\"wpcf7-form-control-wrap\" data-name=\"tel-957\"><input size=\"40\" maxlength=\"400\" class=\"wpcf7-form-control wpcf7-tel wpcf7-text wpcf7-validates-as-tel form-control\" aria-invalid=\"false\" placeholder=\"Phone\" value=\"\" type=\"tel\" name=\"tel-957\" \/><\/span>\n\t\t\t<\/p>\n\t\t<\/div>\n\t<\/div>\n\t<div class=\"field_row\">\n\t\t<div class=\"field_item\">\n\t\t\t<p><span class=\"wpcf7-form-control-wrap\" data-name=\"email-122\"><input size=\"40\" maxlength=\"400\" class=\"wpcf7-form-control wpcf7-email wpcf7-validates-as-required wpcf7-text wpcf7-validates-as-email form-control\" aria-required=\"true\" aria-invalid=\"false\" placeholder=\"Email\" value=\"\" type=\"email\" name=\"email-122\" \/><\/span>\n\t\t\t<\/p>\n\t\t<\/div>\n\t<\/div>\n\t<div class=\"field_row\">\n\t\t<div class=\"field_item\">\n\t\t\t<p><span class=\"wpcf7-form-control-wrap\" data-name=\"textarea-343\"><textarea cols=\"40\" rows=\"10\" maxlength=\"2000\" class=\"wpcf7-form-control wpcf7-textarea wpcf7-validates-as-required form-control\" aria-required=\"true\" aria-invalid=\"false\" placeholder=\"Message\" name=\"textarea-343\"><\/textarea><\/span>\n\t\t\t<\/p>\n\t\t<\/div>\n\t<\/div>\n\t<div class=\"field_row field_button\">\n\t\t<div class=\"field_item\">\n\t\t\t<p><input class=\"wpcf7-form-control wpcf7-submit has-spinner feild-btn\" type=\"submit\" value=\"Send\" \/>\n\t\t\t<\/p>\n\t\t<\/div>\n\t<\/div>\n<\/div><div class=\"wpcf7-response-output\" aria-hidden=\"true\"><\/div>\n<\/form>\n<\/div>\n\n<\/div><\/div>\n<\/div><\/div><\/section>\n<\/div><\/section>\n\n\n\n<section id=\"gma9f11c3\" class=\"wp-block-gutentor-m3 alignfull section-gma9f11c3 gutentor-module gutentor-container-cover\"><div class=\"grid-container gutentor-rm-ct-space-d gutentor-rm-ct-space-t gutentor-rm-ct-space\">\n<iframe src=\"https:\/\/www.google.com\/maps\/embed?pb=!1m18!1m12!1m3!1d1826.9906131811606!2d24.842790386143353!3d62.74746588083628!2m3!1f0!2f0!3f0!3m2!1i1024!2i768!4f13.1!3m3!1m2!1s0x4685d0543b367ceb%3A0x210a6e7577b1181e!2sKarajoentie%20294%2C%2043480%20Saarij%C3%A4rvi%2C%20Finland!5e0!3m2!1sen!2sin!4v1714816337635!5m2!1sen!2sin\" width=\"100%\" height=\"400\" style=\"border:0\" allowfullscreen=\"\" loading=\"lazy\" referrerpolicy=\"no-referrer-when-downgrade\"><\/iframe>\n<\/div><\/section>\n<\/div><\/section>\n","protected":false},"excerpt":{"rendered":"","protected":false},"author":3,"featured_media":0,"parent":0,"menu_order":0,"comment_status":"closed","ping_status":"closed","template":"","meta":{"_acf_changed":false,"footnotes":""},"class_list":["post-712","page","type-page","status-publish"],"acf":[],"_links":{"self":[{"href":"https:\/\/jakola.fi\/en\/wp-json\/wp\/v2\/pages\/712","targetHints":{"allow":["GET"]}}],"collection":[{"href":"https:\/\/jakola.fi\/en\/wp-json\/wp\/v2\/pages"}],"about":[{"href":"https:\/\/jakola.fi\/en\/wp-json\/wp\/v2\/types\/page"}],"author":[{"embeddable":true,"href":"https:\/\/jakola.fi\/en\/wp-json\/wp\/v2\/users\/3"}],"replies":[{"embeddable":true,"href":"https:\/\/jakola.fi\/en\/wp-json\/wp\/v2\/comments?post=712"}],"version-history":[{"count":2,"href":"https:\/\/jakola.fi\/en\/wp-json\/wp\/v2\/pages\/712\/revisions"}],"predecessor-version":[{"id":715,"href":"https:\/\/jakola.fi\/en\/wp-json\/wp\/v2\/pages\/712\/revisions\/715"}],"wp:attachment":[{"href":"https:\/\/jakola.fi\/en\/wp-json\/wp\/v2\/media?parent=712"}],"curies":[{"name":"wp","href":"https:\/\/api.w.org\/{rel}","templated":true}]}}