{"id":710,"date":"2024-05-02T12:10:35","date_gmt":"2024-05-02T12:10:35","guid":{"rendered":"https:\/\/jakola.iwn.co\/about-us\/"},"modified":"2024-06-11T06:38:07","modified_gmt":"2024-06-11T06:38:07","slug":"about-us","status":"publish","type":"page","link":"https:\/\/jakola.fi\/en\/about-us\/","title":{"rendered":"About us"},"content":{"rendered":"\n<section id=\"gm72c38c0\" class=\"wp-block-gutentor-m3 alignfull section-gm72c38c0 gutentor-module gutentor-container-cover\"><div class=\"grid-container\">\n<section id=\"gm8bdbd65\" class=\"wp-block-gutentor-m4 section-gm8bdbd65 gutentor-module gutentor-advanced-columns\"><div class=\"grid-container\"><div class=\"grid-row\">\n<div id=\"col-gm8c078b\" class=\"wp-block-gutentor-m4-col col-gm8c078b gutentor-single-column  grid-lg-6 grid-md-12 grid-12\"><div id=\"section-gm8c078b\" class=\"section-gm8c078b gutentor-col-wrap\">\n<div id=\"section-g113bea\" class=\"wp-block-gutentor-e1 section-g113bea gutentor-element gutentor-element-advanced-text\"><div class=\"gutentor-text-wrap\"><h3 class=\"gutentor-text\">Jakola Farm Celebrated 100 Years in 2018<\/h3><\/div><\/div>\n\n\n\n<div id=\"section-g523af8\" class=\"wp-block-gutentor-e0 section-g523af8 gutentor-element gutentor-element-advanced-text\"><div class=\"gutentor-text-wrap\"><p class=\"gutentor-text\">Jakola Farm, located in the village of P\u00e4\u00e4j\u00e4rvi in Saarij\u00e4rvi, includes the main farm built in the early 1900s, as well as the separate farm Villa Rentola, the high-quality cottage Villa Mertala, the sauna cottage Mertaranta, and the former village school MulikKa Hillton. The main farm also houses the Jakola Car Museum, one of the largest car museums in Finland.<br><br>Our services include accommodation, food and event services, and various nature-based activities according to the seasons. The peaceful and versatile environment allows for activities such as fishing, boating, skiing, hiking, berry picking, and mushroom foraging. All our accommodations are non-smoking and pet-friendly. Free Wi-Fi is available in every location.<\/p><\/div><\/div>\n<\/div><\/div>\n\n\n\n<div id=\"col-gmcc8e0b\" class=\"wp-block-gutentor-m4-col col-gmcc8e0b gutentor-single-column  grid-lg-6 grid-md-12 grid-12\"><div id=\"section-gmcc8e0b\" class=\"section-gmcc8e0b gutentor-col-wrap\">\n<div id=\"section-ga81f94\" class=\"wp-block-gutentor-e6 section-ga81f94 gutentor-element gutentor-element-image\"><div class=\"gutentor-element-image-box\"><div class=\"gutentor-image-thumb\"><img decoding=\"async\" class=\"normal-image\" src=\"https:\/\/jakola.fi\/wp-content\/uploads\/2024\/05\/bg-left.jpg\" \/><\/div><\/div><\/div>\n<\/div><\/div>\n<\/div><\/div><\/section>\n<\/div><\/section>\n\n\n\n<section id=\"gm72d8575\" class=\"wp-block-gutentor-m3 alignfull section-gm72d8575 gutentor-module gutentor-container-cover has-color-bg has-custom-bg\"><div class=\"grid-container\">\n<section id=\"gmda44e94\" class=\"wp-block-gutentor-m4 section-gmda44e94 gutentor-module gutentor-advanced-columns\"><div class=\"grid-container\"><div class=\"grid-row\">\n<div id=\"col-gm4a8f5f\" class=\"wp-block-gutentor-m4-col col-gm4a8f5f gutentor-single-column  grid-lg-6 grid-md-12 grid-12\"><div id=\"section-gm4a8f5f\" class=\"section-gm4a8f5f gutentor-col-wrap\">\n<div id=\"section-ge202ab\" class=\"wp-block-gutentor-e6 section-ge202ab gutentor-element gutentor-element-image  d-md-none d-lg-block d-none\"><div class=\"gutentor-element-image-box\"><div class=\"gutentor-image-thumb\"><img decoding=\"async\" class=\"normal-image\" src=\"https:\/\/jakola.fi\/wp-content\/uploads\/2024\/05\/malja-Mty-Jakola.jpg\" \/><\/div><\/div><\/div>\n<\/div><\/div>\n\n\n\n<div id=\"col-gm8b3030\" class=\"wp-block-gutentor-m4-col col-gm8b3030 gutentor-single-column  grid-lg-6 grid-md-12 grid-12\"><div id=\"section-gm8b3030\" class=\"section-gm8b3030 gutentor-col-wrap\">\n<div id=\"section-g40af9b\" class=\"wp-block-gutentor-e1 section-g40af9b gutentor-element gutentor-element-advanced-text\"><div class=\"gutentor-text-wrap\"><h3 class=\"gutentor-text\">Operated by Multiple Generations<\/h3><\/div><\/div>\n\n\n\n<div id=\"section-g2e5f3e\" class=\"wp-block-gutentor-e0 section-g2e5f3e gutentor-element gutentor-element-advanced-text\"><div class=\"gutentor-text-wrap\"><p class=\"gutentor-text\">In 2022, a generational change took place, and the current owners established the Jakola Partnership. Siblings Ilkka, Vesa, Hannele, and Antti continue the operations in the fourth generation.<br><br>Esa and Mirja still live on the farm and continue to assist with accommodation services and property maintenance as needed. Mulikan HillTon remains owned by Mirja and Esa.<br><br>Welcome to explore and enjoy the tranquility of the countryside at our cottages and country hotel for an extended stay!<br><br>Best regards, Ilkka, Vesa, Hannele, and Antti with Mirja and Esa<\/p><\/div><\/div>\n\n\n\n<div id=\"section-g89275d\" class=\"wp-block-gutentor-e6 section-g89275d gutentor-element gutentor-element-image d-lg-none\"><div class=\"gutentor-element-image-box\"><div class=\"gutentor-image-thumb\"><img decoding=\"async\" class=\"normal-image\" src=\"https:\/\/jakola.fi\/wp-content\/uploads\/2024\/05\/malja-Mty-Jakola.jpg\" \/><\/div><\/div><\/div>\n<\/div><\/div>\n<\/div><\/div><\/section>\n<\/div><\/section>\n\n\n\n<section id=\"gm965f9f2\" class=\"wp-block-gutentor-m3 alignfull section-gm965f9f2 gutentor-module gutentor-container-cover\"><div class=\"grid-container\">\n<section id=\"gm23d378b\" class=\"wp-block-gutentor-m4 section-gm23d378b gutentor-module gutentor-advanced-columns\"><div class=\"grid-container\"><div class=\"grid-row\">\n<div id=\"col-gmf14cf5\" class=\"wp-block-gutentor-m4-col col-gmf14cf5 gutentor-single-column  grid-lg-6 grid-md-12 grid-12\"><div id=\"section-gmf14cf5\" class=\"section-gmf14cf5 gutentor-col-wrap\">\n<div id=\"section-gb58c3d\" class=\"wp-block-gutentor-e1 section-gb58c3d gutentor-element gutentor-element-advanced-text\"><div class=\"gutentor-text-wrap\"><h3 class=\"gutentor-text\">The Future and Vitality of the Countryside<\/h3><\/div><\/div>\n\n\n\n<div id=\"section-gf3a05b\" class=\"wp-block-gutentor-e0 section-gf3a05b gutentor-element gutentor-element-advanced-text\"><div class=\"gutentor-text-wrap\"><p class=\"gutentor-text\">The future and vitality of the countryside are important to us, so we hope that the fifth generation will also have the enthusiasm and opportunity to continue the operations. The fifth generation includes seven joyful children under the age of eight!<\/p><\/div><\/div>\n\n\n\n<div id=\"section-g1f8d01\" class=\"wp-block-gutentor-e1 section-g1f8d01 gutentor-element gutentor-element-advanced-text\"><div class=\"gutentor-text-wrap\"><h3 class=\"gutentor-text\">Contact Us!<\/h3><\/div><\/div>\n\n\n\n<p><strong>Email: <\/strong>mirja.oikari@jakola.fi<br><strong>Tel:<\/strong> 040 5653716<\/p>\n<\/div><\/div>\n\n\n\n<div id=\"col-gm1cb987\" class=\"wp-block-gutentor-m4-col col-gm1cb987 gutentor-single-column  grid-lg-6 grid-md-12 grid-12\"><div id=\"section-gm1cb987\" class=\"section-gm1cb987 gutentor-col-wrap\">\n<div id=\"section-g7633a4\" class=\"wp-block-gutentor-e6 section-g7633a4 gutentor-element gutentor-element-image\"><div class=\"gutentor-element-image-box\"><div class=\"gutentor-bg-image\"><\/div><\/div><\/div>\n<\/div><\/div>\n<\/div><\/div><\/section>\n<\/div><\/section>\n","protected":false},"excerpt":{"rendered":"","protected":false},"author":3,"featured_media":0,"parent":0,"menu_order":0,"comment_status":"closed","ping_status":"closed","template":"","meta":{"_acf_changed":false,"footnotes":""},"class_list":["post-710","page","type-page","status-publish"],"acf":[],"_links":{"self":[{"href":"https:\/\/jakola.fi\/en\/wp-json\/wp\/v2\/pages\/710","targetHints":{"allow":["GET"]}}],"collection":[{"href":"https:\/\/jakola.fi\/en\/wp-json\/wp\/v2\/pages"}],"about":[{"href":"https:\/\/jakola.fi\/en\/wp-json\/wp\/v2\/types\/page"}],"author":[{"embeddable":true,"href":"https:\/\/jakola.fi\/en\/wp-json\/wp\/v2\/users\/3"}],"replies":[{"embeddable":true,"href":"https:\/\/jakola.fi\/en\/wp-json\/wp\/v2\/comments?post=710"}],"version-history":[{"count":4,"href":"https:\/\/jakola.fi\/en\/wp-json\/wp\/v2\/pages\/710\/revisions"}],"predecessor-version":[{"id":791,"href":"https:\/\/jakola.fi\/en\/wp-json\/wp\/v2\/pages\/710\/revisions\/791"}],"wp:attachment":[{"href":"https:\/\/jakola.fi\/en\/wp-json\/wp\/v2\/media?parent=710"}],"curies":[{"name":"wp","href":"https:\/\/api.w.org\/{rel}","templated":true}]}}