{"id":730,"date":"2024-05-02T12:06:19","date_gmt":"2024-05-02T12:06:19","guid":{"rendered":"https:\/\/jakola.iwn.co\/etusivu\/"},"modified":"2024-06-05T10:59:53","modified_gmt":"2024-06-05T10:59:53","slug":"etusivu","status":"publish","type":"page","link":"https:\/\/jakola.fi\/de\/","title":{"rendered":"Startseite"},"content":{"rendered":"\n<section id=\"gm64272e0\" class=\"wp-block-gutentor-m3 alignfull section-gm64272e0 gutentor-module gutentor-container-cover has-image-bg has-custom-bg\"><div class=\"grid-container\">\n<section id=\"gm2156224\" class=\"wp-block-gutentor-m4 section-gm2156224 gutentor-module gutentor-advanced-columns has-color-bg has-custom-bg front-banner-area\"><div class=\"grid-container\"><div class=\"grid-row\">\n<div id=\"col-gm27d918\" class=\"wp-block-gutentor-m4-col col-gm27d918 gutentor-single-column  grid-lg-12 grid-md-12 grid-12\"><div id=\"section-gm27d918\" class=\"section-gm27d918 gutentor-col-wrap\">\n<div id=\"section-g42de70\" class=\"wp-block-gutentor-e1 section-g42de70 gutentor-element gutentor-element-advanced-text text-align-center-mobile\"><div class=\"gutentor-text-wrap\"><h1 class=\"gutentor-text\">Unterkunft und angenehme Aktivit\u00e4ten in l\u00e4ndlicher Umgebung<\/h1><\/div><\/div>\n\n\n\n<hr class=\"wp-block-separator has-text-color has-global-color-8-color has-alpha-channel-opacity has-global-color-8-background-color has-background is-style-wide\" \/>\n\n\n\n<div id=\"section-gbf6de7\" class=\"wp-block-gutentor-e1 section-gbf6de7 gutentor-element gutentor-element-advanced-text text-align-center-mobile\"><div class=\"gutentor-text-wrap\"><p class=\"gutentor-text\">Hochwertige, individuelle Ferienh\u00e4user am Wasser. Ein l\u00e4ndlich gepr\u00e4gtes Hotel mit Fr\u00fchst\u00fccksunterk\u00fcnften f\u00fcr 20 Personen sowie hochwertigen Konferenz- und Veranstaltungsr\u00e4umen f\u00fcr 100 Personen. Verpflegungs- und Kaffeeservices sind in allen R\u00e4umlichkeiten verf\u00fcgbar. Schnelles Glasfaser-Internet in allen Bereichen erm\u00f6glicht auch den Aufenthalt f\u00fcr Arbeitsgruppen.<\/p><\/div><\/div>\n\n\n\n<div id=\"section-ge0c156\" class=\"wp-block-gutentor-e2 section-ge0c156 gutentor-element gutentor-element-button button-align-center-mobile\"><span class=\"gutentor-button-wrap\"><a class=\"gutentor-button gutentor-block-button gutentor-icon-hide\" href=\"\/de\/uber-uns\/\"><i class=\"gutentor-button-icon fas fa-book\"><\/i><span>ERFAHREN SIE MEHR \u00dcBER UNS<\/span><\/a><\/span><\/div>\n<\/div><\/div>\n<\/div><\/div><\/section>\n<\/div><\/section>\n\n\n\n<section id=\"gmb9fd833\" class=\"wp-block-gutentor-m3 section-gmb9fd833 gutentor-module gutentor-container-cover\"><div class=\"grid-container\">\n<section id=\"gmb7cf3a4\" class=\"wp-block-gutentor-m4 section-gmb7cf3a4 gutentor-module gutentor-advanced-columns front_service_section\"><div class=\"grid-container\"><div class=\"grid-row\">\n<div id=\"col-gm4f4039\" class=\"wp-block-gutentor-m4-col col-gm4f4039 gutentor-single-column  grid-lg-3 grid-md-3 grid-12\"><div id=\"section-gm4f4039\" class=\"section-gm4f4039 gutentor-col-wrap\">\n<div id=\"section-g409b05\" class=\"wp-block-gutentor-e6 section-g409b05 gutentor-element gutentor-element-image gutentor-enabled-width text-align-center-mobile\"><div class=\"gutentor-element-image-box\"><a class=\"gutentor-element-image-link\" href=\"\/de\/unterkunft\/\"><div class=\"gutentor-bg-image\"><\/div><\/a><\/div><\/div>\n\n\n\n<div id=\"section-g45bd4e\" class=\"wp-block-gutentor-e1 section-g45bd4e gutentor-element gutentor-element-advanced-text text-align-center-mobile\"><div class=\"gutentor-text-wrap\"><a class=\"gutentor-element-advanced-text-link\" href=\"\/de\/unterkunft\/\"><h3 class=\"gutentor-text\">Unterkunft<\/h3><\/a><\/div><\/div>\n<\/div><\/div>\n\n\n\n<div id=\"col-gm40e28c\" class=\"wp-block-gutentor-m4-col col-gm40e28c gutentor-single-column  grid-lg-3 grid-md-3 grid-12\"><div id=\"section-gm40e28c\" class=\"section-gm40e28c gutentor-col-wrap\">\n<div id=\"section-gbdea58\" class=\"wp-block-gutentor-e6 section-gbdea58 gutentor-element gutentor-element-image gutentor-enabled-width text-align-center-mobile\"><div class=\"gutentor-element-image-box\"><a class=\"gutentor-element-image-link\" href=\"\/de\/feiern\/\"><div class=\"gutentor-bg-image\"><\/div><\/a><\/div><\/div>\n\n\n\n<div id=\"section-g6757f1\" class=\"wp-block-gutentor-e1 section-g6757f1 gutentor-element gutentor-element-advanced-text text-align-center-mobile\"><div class=\"gutentor-text-wrap\"><a class=\"gutentor-element-advanced-text-link\" href=\"\/de\/feiern\/\"><h3 class=\"gutentor-text\">Feiern<\/h3><\/a><\/div><\/div>\n<\/div><\/div>\n\n\n\n<div id=\"col-gm03162f\" class=\"wp-block-gutentor-m4-col col-gm03162f gutentor-single-column  grid-lg-3 grid-md-3 grid-12\"><div id=\"section-gm03162f\" class=\"section-gm03162f gutentor-col-wrap\">\n<div id=\"section-g8fd4bf\" class=\"wp-block-gutentor-e6 section-g8fd4bf gutentor-element gutentor-element-image gutentor-enabled-width text-align-center-mobile\"><div class=\"gutentor-element-image-box\"><a class=\"gutentor-element-image-link\" href=\"\/de\/automuseum\/\"><div class=\"gutentor-bg-image\"><\/div><\/a><\/div><\/div>\n\n\n\n<div id=\"section-gc3150f\" class=\"wp-block-gutentor-e1 section-gc3150f gutentor-element gutentor-element-advanced-text text-align-center-mobile\"><div class=\"gutentor-text-wrap\"><a class=\"gutentor-element-advanced-text-link\" href=\"\/de\/automuseum\/\"><h3 class=\"gutentor-text\">Automuseum<\/h3><\/a><\/div><\/div>\n<\/div><\/div>\n\n\n\n<div id=\"col-gm32a278\" class=\"wp-block-gutentor-m4-col col-gm32a278 gutentor-single-column  grid-lg-3 grid-md-3 grid-12\"><div id=\"section-gm32a278\" class=\"section-gm32a278 gutentor-col-wrap\">\n<div id=\"section-g280930\" class=\"wp-block-gutentor-e6 section-g280930 gutentor-element gutentor-element-image gutentor-enabled-width text-align-center-mobile\"><div class=\"gutentor-element-image-box\"><a class=\"gutentor-element-image-link\" href=\"\/de\/aktivitaten\/\"><div class=\"gutentor-bg-image\"><\/div><\/a><\/div><\/div>\n\n\n\n<div id=\"section-g8beac1\" class=\"wp-block-gutentor-e1 section-g8beac1 gutentor-element gutentor-element-advanced-text text-align-center-mobile\"><div class=\"gutentor-text-wrap\"><a class=\"gutentor-element-advanced-text-link\" href=\"\/de\/aktivitaten\/\"><h3 class=\"gutentor-text\">Aktivit\u00e4ten<\/h3><\/a><\/div><\/div>\n<\/div><\/div>\n<\/div><\/div><\/section>\n<\/div><\/section>\n\n\n\n<section id=\"gmd4e1b20\" class=\"wp-block-gutentor-m3 alignfull section-gmd4e1b20 gutentor-module gutentor-container-cover has-color-bg has-custom-bg\"><div class=\"grid-container gutentor-rm-ct-space-d gutentor-rm-ct-space-t gutentor-rm-ct-space\">\n<section id=\"gmb60157b\" class=\"wp-block-gutentor-m4 alignfull section-gmb60157b gutentor-module gutentor-advanced-columns has-image-bg has-custom-bg gutentor-equal-column-height\"><div class=\"grid-container gutentor-rm-ct-space-d gutentor-rm-ct-space-t gutentor-rm-ct-space\"><div class=\"grid-row gutentor-rm-row-space-d gutentor-rm-row-space-t gutentor-rm-row-space\">\n<div id=\"col-gmbe91f7\" class=\"wp-block-gutentor-m4-col col-gmbe91f7 gutentor-single-column  grid-lg-6 grid-md-6 grid-12 gutentor-rm-col-space-d gutentor-rm-col-space-t gutentor-rm-col-space\"><div id=\"section-gmbe91f7\" class=\"section-gmbe91f7 gutentor-col-wrap has-image-bg has-custom-bg\"><\/div><\/div>\n\n\n\n<div id=\"col-gm7ac47b\" class=\"wp-block-gutentor-m4-col col-gm7ac47b gutentor-single-column  grid-lg-6 grid-md-6 grid-12 gutentor-rm-col-space-d gutentor-rm-col-space-t gutentor-rm-col-space\"><div id=\"section-gm7ac47b\" class=\"section-gm7ac47b gutentor-col-wrap\">\n<section id=\"gm1f1c879\" class=\"wp-block-gutentor-m4 section-gm1f1c879 gutentor-module gutentor-advanced-columns\"><div class=\"grid-container\"><div class=\"grid-row\">\n<div id=\"col-gm47dc91\" class=\"wp-block-gutentor-m4-col col-gm47dc91 gutentor-single-column  grid-lg-12 grid-md-12 grid-12\"><div id=\"section-gm47dc91\" class=\"section-gm47dc91 gutentor-col-wrap\">\n<div id=\"section-g4eaf8c\" class=\"wp-block-gutentor-e1 section-g4eaf8c gutentor-element gutentor-element-advanced-text text-align-left-tablet text-align-center-mobile\"><div class=\"gutentor-text-wrap\"><h2 class=\"gutentor-text\">Unterk\u00fcnfte nach Bedarf<\/h2><\/div><\/div>\n\n\n\n<div id=\"section-g23b77a\" class=\"wp-block-gutentor-e0 section-g23b77a gutentor-element gutentor-element-advanced-text text-align-left-tablet text-align-center-mobile\"><div class=\"gutentor-text-wrap\"><p class=\"gutentor-text\">Villa Mertala (6+2 Betten) <br>Mertaranta (2+2 Betten) <br>Rentola (12+4 Betten) <br>Mulikka HillTon (8 verschiedene Zimmer, 20 Betten)<br><br>Freude und Bereicherung durch die Natur im Urlaub<\/p><\/div><\/div>\n\n\n\n<div id=\"section-ga709c2\" class=\"wp-block-gutentor-e2 section-ga709c2 gutentor-element gutentor-element-button button-align-left-tablet button-align-center-mobile\"><span class=\"gutentor-button-wrap\"><a class=\"gutentor-button gutentor-block-button gutentor-icon-hide\" href=\"\/de\/unterkunft\/\"><i class=\"gutentor-button-icon fas fa-book\"><\/i><span>MEHR DETAILS!<\/span><\/a><\/span><\/div>\n<\/div><\/div>\n<\/div><\/div><\/section>\n<\/div><\/div>\n<\/div><\/div><\/section>\n<\/div><\/section>\n\n\n\n<section id=\"gme35e4c0\" class=\"wp-block-gutentor-m3 section-gme35e4c0 gutentor-module gutentor-container-cover\"><div class=\"grid-container\">\n<section id=\"gmbf97f50\" class=\"wp-block-gutentor-m4 section-gmbf97f50 gutentor-module gutentor-advanced-columns\"><div class=\"grid-container\"><div class=\"grid-row\">\n<div id=\"col-gmefc853\" class=\"wp-block-gutentor-m4-col col-gmefc853 gutentor-single-column  grid-lg-12 grid-md-12 grid-12\"><div id=\"section-gmefc853\" class=\"section-gmefc853 gutentor-col-wrap\">\n<div id=\"section-ge769b3\" class=\"wp-block-gutentor-e1 section-ge769b3 gutentor-element gutentor-element-advanced-text text-align-center-mobile\"><div class=\"gutentor-text-wrap\"><h3 class=\"gutentor-text\">Haben Sie gefunden, wonach Sie gesucht haben?<\/h3><\/div><\/div>\n\n\n\n<div id=\"section-g716c69\" class=\"wp-block-gutentor-e0 section-g716c69 gutentor-element gutentor-element-advanced-text text-align-center-mobile\"><div class=\"gutentor-text-wrap\"><p class=\"gutentor-text\">Hier k\u00f6nnen Sie direkt Ihr Ferienhaus buchen!<\/p><\/div><\/div>\n\n\n\n<div id=\"gm4182ac1\" class=\"wp-block-gutentor-m1 section-gm4182ac1 gutentor-module gutentor-element-button-group button-align-center-mobile g-btn-horizontal-d g-btn-horizontal-t g-btn-horizontal-m\"><div class=\"gutentor-element-button-group-wrap\">\n<div id=\"section-g2203c4\" class=\"wp-block-gutentor-e2 section-g2203c4 gutentor-element gutentor-element-button\"><span class=\"gutentor-button-wrap\"><a class=\"gutentor-button gutentor-block-button gutentor-icon-hide\" href=\"https:\/\/www.airbnb.at\/rooms\/14657122?source_impression_id=p3_1717585175_P3VKgmU3xfwFCfGX&amp;_set_bev_on_new_domain=1715768739_Yzc2ODVlN2FkN2Rj\"><i class=\"gutentor-button-icon fas fa-book\"><\/i><span>Airbnb<\/span><\/a><\/span><\/div>\n\n\n\n<div id=\"section-g10bbab\" class=\"wp-block-gutentor-e2 section-g10bbab gutentor-element gutentor-element-button\"><span class=\"gutentor-button-wrap\"><a class=\"gutentor-button gutentor-block-button gutentor-icon-hide\" href=\"https:\/\/www.booking.com\/hotel\/fi\/villa-mertala.de.html?lang=de&amp;soz=1&amp;lang_changed=1\"><i class=\"gutentor-button-icon fas fa-book\"><\/i><span>Booking.com<\/span><\/a><\/span><\/div>\n<\/div><\/div>\n\n\n\n<div id=\"section-g1ed785\" class=\"wp-block-gutentor-e1 section-g1ed785 gutentor-element gutentor-element-advanced-text text-align-center-desktop text-align-center-tablet text-align-center-mobile\"><div class=\"gutentor-text-wrap\"><h4 class=\"gutentor-text\">Anfragen und Kontakt<\/h4><\/div><\/div>\n\n\n\n<p class=\"has-text-align-center\"><strong>E-Mail: <\/strong>mirja.oikari@jakola.fi<br><strong>Telefon:<\/strong> 040 5653716<\/p>\n<\/div><\/div>\n<\/div><\/div><\/section>\n<\/div><\/section>\n","protected":false},"excerpt":{"rendered":"","protected":false},"author":3,"featured_media":0,"parent":0,"menu_order":0,"comment_status":"closed","ping_status":"closed","template":"","meta":{"_acf_changed":false,"footnotes":""},"class_list":["post-730","page","type-page","status-publish"],"acf":[],"_links":{"self":[{"href":"https:\/\/jakola.fi\/de\/wp-json\/wp\/v2\/pages\/730","targetHints":{"allow":["GET"]}}],"collection":[{"href":"https:\/\/jakola.fi\/de\/wp-json\/wp\/v2\/pages"}],"about":[{"href":"https:\/\/jakola.fi\/de\/wp-json\/wp\/v2\/types\/page"}],"author":[{"embeddable":true,"href":"https:\/\/jakola.fi\/de\/wp-json\/wp\/v2\/users\/3"}],"replies":[{"embeddable":true,"href":"https:\/\/jakola.fi\/de\/wp-json\/wp\/v2\/comments?post=730"}],"version-history":[{"count":1,"href":"https:\/\/jakola.fi\/de\/wp-json\/wp\/v2\/pages\/730\/revisions"}],"predecessor-version":[{"id":779,"href":"https:\/\/jakola.fi\/de\/wp-json\/wp\/v2\/pages\/730\/revisions\/779"}],"wp:attachment":[{"href":"https:\/\/jakola.fi\/de\/wp-json\/wp\/v2\/media?parent=730"}],"curies":[{"name":"wp","href":"https:\/\/api.w.org\/{rel}","templated":true}]}}