{"id":728,"date":"2024-05-02T12:09:16","date_gmt":"2024-05-02T12:09:16","guid":{"rendered":"https:\/\/jakola.iwn.co\/juhlat\/"},"modified":"2024-06-05T10:23:07","modified_gmt":"2024-06-05T10:23:07","slug":"feiern","status":"publish","type":"page","link":"https:\/\/jakola.fi\/de\/feiern\/","title":{"rendered":"Feiern"},"content":{"rendered":"\n<section id=\"gm46951c7\" class=\"wp-block-gutentor-m3 alignfull section-gm46951c7 gutentor-module gutentor-container-cover\"><div class=\"grid-container\">\n<section id=\"gm55c3dca\" class=\"wp-block-gutentor-m4 section-gm55c3dca gutentor-module gutentor-advanced-columns\"><div class=\"grid-container\"><div class=\"grid-row\">\n<div id=\"col-gm774ef1\" class=\"wp-block-gutentor-m4-col col-gm774ef1 gutentor-single-column  grid-lg-6 grid-md-12 grid-12\"><div id=\"section-gm774ef1\" class=\"section-gm774ef1 gutentor-col-wrap\">\n<div id=\"section-gf620fe\" class=\"wp-block-gutentor-e1 section-gf620fe gutentor-element gutentor-element-advanced-text\"><div class=\"gutentor-text-wrap\"><h3 class=\"gutentor-text\">Feiern<\/h3><\/div><\/div>\n\n\n\n<div id=\"section-g3f517b\" class=\"wp-block-gutentor-e0 section-g3f517b gutentor-element gutentor-element-advanced-text\"><div class=\"gutentor-text-wrap\"><p class=\"gutentor-text\">Mulikka HillTon; eine funktionelle Einrichtung f\u00fcr Feiern und Tagungen!<br><br>Die Veranstaltungsr\u00e4ume des Mulikka Hillton sind flexibel f\u00fcr 20-100 Personen anpassbar. Speisen und Kaffeepausen f\u00fcr Familienfeiern und verschiedene Gruppen k\u00f6nnen das ganze Jahr \u00fcber bestellt werden. Die Unterk\u00fcnfte f\u00fcr die Festg\u00e4ste befinden sich im selben Geb\u00e4ude mit einem separaten Eingang.<\/p><\/div><\/div>\n\n\n\n<div id=\"section-gc614d9\" class=\"wp-block-gutentor-e1 section-gc614d9 gutentor-element gutentor-element-advanced-text\"><div class=\"gutentor-text-wrap\"><h3 class=\"gutentor-text\">Essen<\/h3><\/div><\/div>\n\n\n\n<div id=\"section-g7655b9\" class=\"wp-block-gutentor-e1 section-g7655b9 gutentor-element gutentor-element-advanced-text\"><div class=\"gutentor-text-wrap\"><p class=\"gutentor-text\">Echte Geschm\u00e4cker und Gaumenfreuden!<br><br>Beeren, Pilze und Wild stammen aus den nahegelegenen W\u00e4ldern, und frischer Fisch wird aus den umliegenden Gew\u00e4ssern gefangen. Kr\u00e4uter, Beeren und S\u00e4fte stammen aus unserem eigenen Garten. Hochwertiges Fleisch stammt von einem \u00f6rtlichen Bauernhof, und Forellen werden von einem lokalen Unternehmer bezogen. Wir bevorzugen auch Getreideprodukte und Gem\u00fcse aus der Region je nach Saison.<\/p><\/div><\/div>\n<\/div><\/div>\n\n\n\n<div id=\"col-gm93a46d\" class=\"wp-block-gutentor-m4-col col-gm93a46d gutentor-single-column  grid-lg-6 grid-md-12 grid-12\"><div id=\"section-gm93a46d\" class=\"section-gm93a46d gutentor-col-wrap\">\n<section id=\"section-52f86832-92a9-4c54-8194-5255fbe3d744\" class=\"wp-block-gutentor-image-slider gutentor-section gutentor-image-slider imageSlider-template1\"><div class=\"gutentor-grid-item-wrap\"><div class=\"gutentor-slider-wrapper\" data-dots=\"false\" data-arrows=\"true\" data-infinite=\"true\" data-nextarrow=\"fas fa-angle-right\" data-prevarrow=\"fas fa-angle-left\" data-autoplay=\"true\" data-autoplayspeed=\"3500\" data-fade=\"false\" data-speed=\"500\"><div class=\"gutentor-slider-item\"><div class=\"gutentor-single-item gutentor-single-item-0\"><div class=\"gutentor-single-item-wrap\"><div class=\"gutentor-single-item-image-box\"><div class=\"gutentor-bg-image\"><\/div><\/div><\/div><\/div><\/div><div class=\"gutentor-slider-item\"><div class=\"gutentor-single-item gutentor-single-item-1\"><div class=\"gutentor-single-item-wrap\"><div class=\"gutentor-single-item-image-box\"><div class=\"gutentor-bg-image\"><\/div><\/div><\/div><\/div><\/div><div class=\"gutentor-slider-item\"><div class=\"gutentor-single-item gutentor-single-item-2\"><div class=\"gutentor-single-item-wrap\"><div class=\"gutentor-single-item-image-box\"><div class=\"gutentor-bg-image\"><\/div><\/div><\/div><\/div><\/div><div class=\"gutentor-slider-item\"><div class=\"gutentor-single-item gutentor-single-item-3\"><div class=\"gutentor-single-item-wrap\"><div class=\"gutentor-single-item-image-box\"><div class=\"gutentor-bg-image\"><\/div><\/div><\/div><\/div><\/div><div class=\"gutentor-slider-item\"><div class=\"gutentor-single-item gutentor-single-item-4\"><div class=\"gutentor-single-item-wrap\"><div class=\"gutentor-single-item-image-box\"><div class=\"gutentor-bg-image\"><\/div><\/div><\/div><\/div><\/div><div class=\"gutentor-slider-item\"><div class=\"gutentor-single-item gutentor-single-item-5\"><div class=\"gutentor-single-item-wrap\"><div class=\"gutentor-single-item-image-box\"><div class=\"gutentor-bg-image\"><\/div><\/div><\/div><\/div><\/div><div class=\"gutentor-slider-item\"><div class=\"gutentor-single-item gutentor-single-item-6\"><div class=\"gutentor-single-item-wrap\"><div class=\"gutentor-single-item-image-box\"><div class=\"gutentor-bg-image\"><\/div><\/div><\/div><\/div><\/div><div class=\"gutentor-slider-item\"><div class=\"gutentor-single-item gutentor-single-item-7\"><div class=\"gutentor-single-item-wrap\"><div class=\"gutentor-single-item-image-box\"><div class=\"gutentor-bg-image\"><\/div><\/div><\/div><\/div><\/div><div class=\"gutentor-slider-item\"><div class=\"gutentor-single-item gutentor-single-item-8\"><div class=\"gutentor-single-item-wrap\"><div class=\"gutentor-single-item-image-box\"><div class=\"gutentor-bg-image\"><\/div><\/div><\/div><\/div><\/div><div class=\"gutentor-slider-item\"><div class=\"gutentor-single-item gutentor-single-item-9\"><div class=\"gutentor-single-item-wrap\"><div class=\"gutentor-single-item-image-box\"><div class=\"gutentor-bg-image\"><\/div><\/div><\/div><\/div><\/div><div class=\"gutentor-slider-item\"><div class=\"gutentor-single-item gutentor-single-item-10\"><div class=\"gutentor-single-item-wrap\"><div class=\"gutentor-single-item-image-box\"><div class=\"gutentor-bg-image\"><\/div><\/div><\/div><\/div><\/div><\/div><\/div><\/section>\n<\/div><\/div>\n<\/div><\/div><\/section>\n<\/div><\/section>\n","protected":false},"excerpt":{"rendered":"","protected":false},"author":3,"featured_media":0,"parent":0,"menu_order":0,"comment_status":"closed","ping_status":"closed","template":"","meta":{"_acf_changed":false,"footnotes":""},"class_list":["post-728","page","type-page","status-publish"],"acf":[],"_links":{"self":[{"href":"https:\/\/jakola.fi\/de\/wp-json\/wp\/v2\/pages\/728","targetHints":{"allow":["GET"]}}],"collection":[{"href":"https:\/\/jakola.fi\/de\/wp-json\/wp\/v2\/pages"}],"about":[{"href":"https:\/\/jakola.fi\/de\/wp-json\/wp\/v2\/types\/page"}],"author":[{"embeddable":true,"href":"https:\/\/jakola.fi\/de\/wp-json\/wp\/v2\/users\/3"}],"replies":[{"embeddable":true,"href":"https:\/\/jakola.fi\/de\/wp-json\/wp\/v2\/comments?post=728"}],"version-history":[{"count":3,"href":"https:\/\/jakola.fi\/de\/wp-json\/wp\/v2\/pages\/728\/revisions"}],"predecessor-version":[{"id":741,"href":"https:\/\/jakola.fi\/de\/wp-json\/wp\/v2\/pages\/728\/revisions\/741"}],"wp:attachment":[{"href":"https:\/\/jakola.fi\/de\/wp-json\/wp\/v2\/media?parent=728"}],"curies":[{"name":"wp","href":"https:\/\/api.w.org\/{rel}","templated":true}]}}