{"id":727,"date":"2024-05-02T12:09:29","date_gmt":"2024-05-02T12:09:29","guid":{"rendered":"https:\/\/jakola.iwn.co\/aktiviteetit\/"},"modified":"2024-06-05T10:24:46","modified_gmt":"2024-06-05T10:24:46","slug":"aktivitaten","status":"publish","type":"page","link":"https:\/\/jakola.fi\/de\/aktivitaten\/","title":{"rendered":"Aktivit\u00e4ten"},"content":{"rendered":"\n<section id=\"gmf5493ad\" class=\"wp-block-gutentor-m3 alignfull section-gmf5493ad gutentor-module gutentor-container-cover\"><div class=\"grid-container\">\n<section id=\"gm1bb3ec8\" class=\"wp-block-gutentor-m4 section-gm1bb3ec8 gutentor-module gutentor-advanced-columns\"><div class=\"grid-container\"><div class=\"grid-row\">\n<div id=\"col-gm9fa028\" class=\"wp-block-gutentor-m4-col col-gm9fa028 gutentor-single-column  grid-lg-6 grid-md-12 grid-12\"><div id=\"section-gm9fa028\" class=\"section-gm9fa028 gutentor-col-wrap\">\n<div id=\"section-ge1f877\" class=\"wp-block-gutentor-e1 section-ge1f877 gutentor-element gutentor-element-advanced-text\"><div class=\"gutentor-text-wrap\"><h3 class=\"gutentor-text\">Aktivit\u00e4ten<\/h3><\/div><\/div>\n\n\n\n<div id=\"section-g03b3cb\" class=\"wp-block-gutentor-e0 section-g03b3cb gutentor-element gutentor-element-advanced-text\"><div class=\"gutentor-text-wrap\"><p class=\"gutentor-text\">Jakola Hof ist von Gew\u00e4ssern umgeben, daher drehen sich die Aktivit\u00e4ten und Hobbys rund um das Wasser.<br><br>Die Heijosten-Stromschnellen und der Karajoki sind bei Fliegenfischern beliebt. Entlang der Heijosten-Stromschnellen k\u00f6nnen Sie auch mit Kanus fahren oder ein Schlauchboot mit einem \u00f6rtlichen Guide mieten. Der Hepolampi-See und der Karankaj\u00e4rvi-See eignen sich zum Rudern und Angeln mit dem Boot.<br><br>Radfahren und Wandern in der ruhigen l\u00e4ndlichen Umgebung ist ebenfalls beliebt. In der N\u00e4he des Hofs gibt es drei Nationalparks.<br><br><br><br><\/p><\/div><\/div>\n<\/div><\/div>\n\n\n\n<div id=\"col-gmfee7e6\" class=\"wp-block-gutentor-m4-col col-gmfee7e6 gutentor-single-column  grid-lg-6 grid-md-12 grid-12\"><div id=\"section-gmfee7e6\" class=\"section-gmfee7e6 gutentor-col-wrap\">\n<div id=\"section-g8d2357\" class=\"wp-block-gutentor-e6 section-g8d2357 gutentor-element gutentor-element-image\"><div class=\"gutentor-element-image-box\"><div class=\"gutentor-bg-image\"><\/div><\/div><\/div>\n<\/div><\/div>\n<\/div><\/div><\/section>\n<\/div><\/section>\n\n\n\n<section id=\"gmc7f4e75\" class=\"wp-block-gutentor-m10 section-gmc7f4e75 gutentor-module g-gm-module g-on-masonry g-on-popup g-popup-middle-center aktiviteetit-gallery\"><div class=\"grid-container\"><div class=\"grid-row g-gm-item-wrap\">\n<div id=\"col-gm89ce33\" class=\"wp-block-gutentor-m10-col col-gm89ce33 gutentor-module g-gm-col grid-lg-4 grid-md-6 grid-12\"><div id=\"section-gm89ce33\" class=\"section-gm89ce33 gutentor-single-col\">\n<div id=\"section-g370acd\" class=\"wp-block-gutentor-e6 section-g370acd gutentor-element gutentor-element-image\"><div class=\"gutentor-element-image-box\"><div class=\"gutentor-image-thumb\"><img decoding=\"async\" class=\"normal-image\" src=\"https:\/\/jakola.fi\/wp-content\/uploads\/2024\/05\/DSC_4479-scaled.jpg\" \/><\/div><\/div><\/div>\n<a data-media-type=\"g-popup-img\" href=\"https:\/\/jakola.fi\/wp-content\/uploads\/2024\/05\/DSC_4479-scaled.jpg\" class=\"g-gm-popup\"><i class=\"g-gm-popup-icon fas fa-search\"><\/i><\/a><\/div><\/div>\n\n\n\n<div id=\"col-gmcbaeb0\" class=\"wp-block-gutentor-m10-col col-gmcbaeb0 gutentor-module g-gm-col grid-lg-4 grid-md-6 grid-12\"><div id=\"section-gmcbaeb0\" class=\"section-gmcbaeb0 gutentor-single-col\">\n<div id=\"section-gc0a34d\" class=\"wp-block-gutentor-e6 section-gc0a34d gutentor-element gutentor-element-image\"><div class=\"gutentor-element-image-box\"><div class=\"gutentor-image-thumb\"><img decoding=\"async\" class=\"normal-image\" src=\"https:\/\/jakola.fi\/wp-content\/uploads\/2024\/05\/DSC_4365-scaled.jpg\" \/><\/div><\/div><\/div>\n<a data-media-type=\"g-popup-img\" href=\"https:\/\/jakola.fi\/wp-content\/uploads\/2024\/05\/DSC_4365-scaled.jpg\" class=\"g-gm-popup\"><i class=\"g-gm-popup-icon fas fa-search\"><\/i><\/a><\/div><\/div>\n\n\n\n<div id=\"col-gmeebf0f\" class=\"wp-block-gutentor-m10-col col-gmeebf0f gutentor-module g-gm-col grid-lg-4 grid-md-6 grid-12\"><div id=\"section-gmeebf0f\" class=\"section-gmeebf0f gutentor-single-col\">\n<div id=\"section-g58c08c\" class=\"wp-block-gutentor-e6 section-g58c08c gutentor-element gutentor-element-image\"><div class=\"gutentor-element-image-box\"><div class=\"gutentor-image-thumb\"><img decoding=\"async\" class=\"normal-image\" src=\"https:\/\/jakola.fi\/wp-content\/uploads\/2024\/05\/DSC_4523-scaled.jpg\" \/><\/div><\/div><\/div>\n<a data-media-type=\"g-popup-img\" href=\"https:\/\/jakola.fi\/wp-content\/uploads\/2024\/05\/DSC_4523-scaled.jpg\" class=\"g-gm-popup\"><i class=\"g-gm-popup-icon fas fa-search\"><\/i><\/a><\/div><\/div>\n\n\n\n<div id=\"col-gm6a9660\" class=\"wp-block-gutentor-m10-col col-gm6a9660 gutentor-module g-gm-col grid-lg-4 grid-md-6 grid-12\"><div id=\"section-gm6a9660\" class=\"section-gm6a9660 gutentor-single-col\">\n<div id=\"section-g06d048\" class=\"wp-block-gutentor-e6 section-g06d048 gutentor-element gutentor-element-image\"><div class=\"gutentor-element-image-box\"><div class=\"gutentor-image-thumb\"><img decoding=\"async\" class=\"normal-image\" src=\"https:\/\/jakola.fi\/wp-content\/uploads\/2024\/05\/DSC_4526-scaled.jpg\" \/><\/div><\/div><\/div>\n<a data-media-type=\"g-popup-img\" href=\"https:\/\/jakola.fi\/wp-content\/uploads\/2024\/05\/DSC_4526-scaled.jpg\" class=\"g-gm-popup\"><i class=\"g-gm-popup-icon fas fa-search\"><\/i><\/a><\/div><\/div>\n\n\n\n<div id=\"col-gmac0c3e\" class=\"wp-block-gutentor-m10-col col-gmac0c3e gutentor-module g-gm-col grid-lg-4 grid-md-6 grid-12\"><div id=\"section-gmac0c3e\" class=\"section-gmac0c3e gutentor-single-col\">\n<div id=\"section-gde9978\" class=\"wp-block-gutentor-e6 section-gde9978 gutentor-element gutentor-element-image\"><div class=\"gutentor-element-image-box\"><div class=\"gutentor-image-thumb\"><img decoding=\"async\" class=\"normal-image\" src=\"https:\/\/jakola.fi\/wp-content\/uploads\/2024\/05\/DSC_4536-scaled.jpg\" \/><\/div><\/div><\/div>\n<a data-media-type=\"g-popup-img\" href=\"https:\/\/jakola.fi\/wp-content\/uploads\/2024\/05\/DSC_4536-scaled.jpg\" class=\"g-gm-popup\"><i class=\"g-gm-popup-icon fas fa-search\"><\/i><\/a><\/div><\/div>\n\n\n\n<div id=\"col-gm76bab9\" class=\"wp-block-gutentor-m10-col col-gm76bab9 gutentor-module g-gm-col grid-lg-4 grid-md-6 grid-12\"><div id=\"section-gm76bab9\" class=\"section-gm76bab9 gutentor-single-col\">\n<div id=\"section-gef760c\" class=\"wp-block-gutentor-e6 section-gef760c gutentor-element gutentor-element-image\"><div class=\"gutentor-element-image-box\"><div class=\"gutentor-image-thumb\"><img decoding=\"async\" class=\"normal-image\" src=\"https:\/\/jakola.fi\/wp-content\/uploads\/2024\/05\/DSC_5045-scaled.jpg\" \/><\/div><\/div><\/div>\n<a data-media-type=\"g-popup-img\" href=\"https:\/\/jakola.fi\/wp-content\/uploads\/2024\/05\/DSC_5045-scaled.jpg\" class=\"g-gm-popup\"><i class=\"g-gm-popup-icon fas fa-search\"><\/i><\/a><\/div><\/div>\n\n\n\n<div id=\"col-gmfbaf9b\" class=\"wp-block-gutentor-m10-col col-gmfbaf9b gutentor-module g-gm-col grid-lg-4 grid-md-6 grid-12\"><div id=\"section-gmfbaf9b\" class=\"section-gmfbaf9b gutentor-single-col\">\n<div id=\"section-gac8ca8\" class=\"wp-block-gutentor-e6 section-gac8ca8 gutentor-element gutentor-element-image\"><div class=\"gutentor-element-image-box\"><div class=\"gutentor-image-thumb\"><img decoding=\"async\" class=\"normal-image\" src=\"https:\/\/jakola.fi\/wp-content\/uploads\/2024\/05\/DSC_5196-scaled.jpg\" \/><\/div><\/div><\/div>\n<a data-media-type=\"g-popup-img\" href=\"https:\/\/jakola.fi\/wp-content\/uploads\/2024\/05\/DSC_5248-scaled.jpg\" class=\"g-gm-popup\"><i class=\"g-gm-popup-icon fas fa-search\"><\/i><\/a><\/div><\/div>\n\n\n\n<div id=\"col-gm12a9f5\" class=\"wp-block-gutentor-m10-col col-gm12a9f5 gutentor-module g-gm-col grid-lg-4 grid-md-6 grid-12\"><div id=\"section-gm12a9f5\" class=\"section-gm12a9f5 gutentor-single-col\">\n<div id=\"section-g3bbae4\" class=\"wp-block-gutentor-e6 section-g3bbae4 gutentor-element gutentor-element-image\"><div class=\"gutentor-element-image-box\"><div class=\"gutentor-image-thumb\"><img decoding=\"async\" class=\"normal-image\" src=\"https:\/\/jakola.fi\/wp-content\/uploads\/2024\/05\/DSC_5248-scaled.jpg\" \/><\/div><\/div><\/div>\n<a data-media-type=\"g-popup-img\" href=\"https:\/\/jakola.fi\/wp-content\/uploads\/2024\/05\/DSC_5248-scaled.jpg\" class=\"g-gm-popup\"><i class=\"g-gm-popup-icon fas fa-search\"><\/i><\/a><\/div><\/div>\n\n\n\n<div id=\"col-gma76359\" class=\"wp-block-gutentor-m10-col col-gma76359 gutentor-module g-gm-col grid-lg-4 grid-md-6 grid-12\"><div id=\"section-gma76359\" class=\"section-gma76359 gutentor-single-col\">\n<div id=\"section-g63b50d\" class=\"wp-block-gutentor-e6 section-g63b50d gutentor-element gutentor-element-image\"><div class=\"gutentor-element-image-box\"><div class=\"gutentor-image-thumb\"><img decoding=\"async\" class=\"normal-image\" src=\"https:\/\/jakola.fi\/wp-content\/uploads\/2024\/05\/DSC_1698-scaled.jpg\" \/><\/div><\/div><\/div>\n<a data-media-type=\"g-popup-img\" href=\"https:\/\/jakola.fi\/wp-content\/uploads\/2024\/05\/DSC_1698-scaled.jpg\" class=\"g-gm-popup\"><i class=\"g-gm-popup-icon fas fa-search\"><\/i><\/a><\/div><\/div>\n\n\n\n<div id=\"col-gm194504\" class=\"wp-block-gutentor-m10-col col-gm194504 gutentor-module g-gm-col grid-lg-4 grid-md-6 grid-12\"><div id=\"section-gm194504\" class=\"section-gm194504 gutentor-single-col\">\n<div id=\"section-gde73b7\" class=\"wp-block-gutentor-e6 section-gde73b7 gutentor-element gutentor-element-image\"><div class=\"gutentor-element-image-box\"><div class=\"gutentor-image-thumb\"><img decoding=\"async\" class=\"normal-image\" src=\"https:\/\/jakola.fi\/wp-content\/uploads\/2024\/05\/DJI_0187-scaled.jpg\" \/><\/div><\/div><\/div>\n<a data-media-type=\"g-popup-img\" href=\"https:\/\/jakola.fi\/wp-content\/uploads\/2024\/05\/DJI_0187-scaled.jpg\" class=\"g-gm-popup\"><i class=\"g-gm-popup-icon fas fa-search\"><\/i><\/a><\/div><\/div>\n<\/div><\/div><\/section>\n","protected":false},"excerpt":{"rendered":"","protected":false},"author":3,"featured_media":0,"parent":0,"menu_order":0,"comment_status":"closed","ping_status":"closed","template":"","meta":{"_acf_changed":false,"footnotes":""},"class_list":["post-727","page","type-page","status-publish"],"acf":[],"_links":{"self":[{"href":"https:\/\/jakola.fi\/de\/wp-json\/wp\/v2\/pages\/727","targetHints":{"allow":["GET"]}}],"collection":[{"href":"https:\/\/jakola.fi\/de\/wp-json\/wp\/v2\/pages"}],"about":[{"href":"https:\/\/jakola.fi\/de\/wp-json\/wp\/v2\/types\/page"}],"author":[{"embeddable":true,"href":"https:\/\/jakola.fi\/de\/wp-json\/wp\/v2\/users\/3"}],"replies":[{"embeddable":true,"href":"https:\/\/jakola.fi\/de\/wp-json\/wp\/v2\/comments?post=727"}],"version-history":[{"count":1,"href":"https:\/\/jakola.fi\/de\/wp-json\/wp\/v2\/pages\/727\/revisions"}],"predecessor-version":[{"id":743,"href":"https:\/\/jakola.fi\/de\/wp-json\/wp\/v2\/pages\/727\/revisions\/743"}],"wp:attachment":[{"href":"https:\/\/jakola.fi\/de\/wp-json\/wp\/v2\/media?parent=727"}],"curies":[{"name":"wp","href":"https:\/\/api.w.org\/{rel}","templated":true}]}}