{"id":726,"date":"2024-05-02T12:09:41","date_gmt":"2024-05-02T12:09:41","guid":{"rendered":"https:\/\/jakola.iwn.co\/automuseo\/"},"modified":"2024-06-05T10:25:53","modified_gmt":"2024-06-05T10:25:53","slug":"automuseum","status":"publish","type":"page","link":"https:\/\/jakola.fi\/de\/automuseum\/","title":{"rendered":"Automuseum"},"content":{"rendered":"\n<section id=\"gm0bb890a\" class=\"wp-block-gutentor-m3 alignfull section-gm0bb890a gutentor-module gutentor-container-cover\"><div class=\"grid-container\">\n<section id=\"gm335b93e\" class=\"wp-block-gutentor-m4 section-gm335b93e gutentor-module gutentor-advanced-columns\"><div class=\"grid-container\"><div class=\"grid-row\">\n<div id=\"col-gm01ae3d\" class=\"wp-block-gutentor-m4-col col-gm01ae3d gutentor-single-column  grid-lg-6 grid-md-12 grid-12\"><div id=\"section-gm01ae3d\" class=\"section-gm01ae3d gutentor-col-wrap\">\n<div id=\"section-ge49919\" class=\"wp-block-gutentor-e1 section-ge49919 gutentor-element gutentor-element-advanced-text\"><div class=\"gutentor-text-wrap\"><h3 class=\"gutentor-text\">Jakolas Automuseum<\/h3><\/div><\/div>\n\n\n\n<div id=\"section-g4547de\" class=\"wp-block-gutentor-e0 section-g4547de gutentor-element gutentor-element-advanced-text\"><div class=\"gutentor-text-wrap\"><p class=\"gutentor-text\">Auf dem Gel\u00e4nde befindet sich ein Automuseum, das auf Bestellung f\u00fcr die \u00d6ffentlichkeit zug\u00e4nglich ist. Dort sind \u00fcber 70 Autos ausgestellt, die von Raimo Oikari w\u00e4hrend seiner Pensionierung restauriert wurden, sowie einige Motorr\u00e4der.<br><br>Ein Gro\u00dfteil der Autos sind sogenannte Ostautos, aber es gibt auch einige amerikanische Autos, darunter ein T-Modell von Ford und ein Chrysler Windsor. Das Museum ist ein angenehmes Ausflugsziel f\u00fcr Gruppen und Enthusiasten der Automobilbranche. F\u00fcr Gruppen besteht die M\u00f6glichkeit, Mahlzeiten und Kaffee im Mulikka Hillton zu bestellen, das etwa 2 km entfernt liegt.<\/p><\/div><\/div>\n<\/div><\/div>\n\n\n\n<div id=\"col-gmd8f519\" class=\"wp-block-gutentor-m4-col col-gmd8f519 gutentor-single-column  grid-lg-6 grid-md-12 grid-12\"><div id=\"section-gmd8f519\" class=\"section-gmd8f519 gutentor-col-wrap\">\n<div id=\"section-gd93847\" class=\"wp-block-gutentor-e6 section-gd93847 gutentor-element gutentor-element-image\"><div class=\"gutentor-element-image-box\"><div class=\"gutentor-bg-image\"><\/div><\/div><\/div>\n<\/div><\/div>\n<\/div><\/div><\/section>\n<\/div><\/section>\n\n\n\n<section id=\"gm9ae942e\" class=\"wp-block-gutentor-m10 section-gm9ae942e gutentor-module g-gm-module g-on-masonry g-on-popup g-popup-middle-center\"><div class=\"grid-container\"><div class=\"grid-row g-gm-item-wrap\">\n<div id=\"col-gm96045d\" class=\"wp-block-gutentor-m10-col col-gm96045d gutentor-module g-gm-col grid-lg-3 grid-md-6 grid-12\"><div id=\"section-gm96045d\" class=\"section-gm96045d gutentor-single-col\">\n<div id=\"section-g52465a\" class=\"wp-block-gutentor-e6 section-g52465a gutentor-element gutentor-element-image\"><div class=\"gutentor-element-image-box\"><div class=\"gutentor-image-thumb\"><img decoding=\"async\" class=\"normal-image\" src=\"https:\/\/jakola.fi\/wp-content\/uploads\/2024\/05\/DSC5404-2.webp\" \/><\/div><\/div><\/div>\n<a data-media-type=\"g-popup-img\" href=\"https:\/\/jakola.fi\/wp-content\/uploads\/2024\/05\/DSC5404-2.webp\" class=\"g-gm-popup\"><i class=\"g-gm-popup-icon fas fa-search\"><\/i><\/a><\/div><\/div>\n\n\n\n<div id=\"col-gm243aab\" class=\"wp-block-gutentor-m10-col col-gm243aab gutentor-module g-gm-col grid-lg-3 grid-md-6 grid-12\"><div id=\"section-gm243aab\" class=\"section-gm243aab gutentor-single-col\">\n<div id=\"section-gbdfd17\" class=\"wp-block-gutentor-e6 section-gbdfd17 gutentor-element gutentor-element-image\"><div class=\"gutentor-element-image-box\"><div class=\"gutentor-image-thumb\"><img decoding=\"async\" class=\"normal-image\" src=\"https:\/\/jakola.fi\/wp-content\/uploads\/2024\/05\/DSC5523-2.webp\" \/><\/div><\/div><\/div>\n<a data-media-type=\"g-popup-img\" href=\"https:\/\/jakola.fi\/wp-content\/uploads\/2024\/05\/DSC5523-2.webp\" class=\"g-gm-popup\"><i class=\"g-gm-popup-icon fas fa-search\"><\/i><\/a><\/div><\/div>\n\n\n\n<div id=\"col-gm2ea2b0\" class=\"wp-block-gutentor-m10-col col-gm2ea2b0 gutentor-module g-gm-col grid-lg-3 grid-md-6 grid-12\"><div id=\"section-gm2ea2b0\" class=\"section-gm2ea2b0 gutentor-single-col\">\n<div id=\"section-g1453b8\" class=\"wp-block-gutentor-e6 section-g1453b8 gutentor-element gutentor-element-image\"><div class=\"gutentor-element-image-box\"><div class=\"gutentor-image-thumb\"><img decoding=\"async\" class=\"normal-image\" src=\"https:\/\/jakola.fi\/wp-content\/uploads\/2024\/05\/DSC5444.webp\" \/><\/div><\/div><\/div>\n<a data-media-type=\"g-popup-img\" href=\"https:\/\/jakola.fi\/wp-content\/uploads\/2024\/05\/DSC5444.webp\" class=\"g-gm-popup\"><i class=\"g-gm-popup-icon fas fa-search\"><\/i><\/a><\/div><\/div>\n\n\n\n<div id=\"col-gm1d5720\" class=\"wp-block-gutentor-m10-col col-gm1d5720 gutentor-module g-gm-col grid-lg-3 grid-md-6 grid-12\"><div id=\"section-gm1d5720\" class=\"section-gm1d5720 gutentor-single-col\">\n<div id=\"section-g68f091\" class=\"wp-block-gutentor-e6 section-g68f091 gutentor-element gutentor-element-image\"><div class=\"gutentor-element-image-box\"><div class=\"gutentor-image-thumb\"><img decoding=\"async\" class=\"normal-image\" src=\"https:\/\/jakola.fi\/wp-content\/uploads\/2024\/05\/DSC5422-2.webp\" \/><\/div><\/div><\/div>\n<a data-media-type=\"g-popup-img\" href=\"https:\/\/jakola.fi\/wp-content\/uploads\/2024\/05\/DSC5422-2.webp\" class=\"g-gm-popup\"><i class=\"g-gm-popup-icon fas fa-search\"><\/i><\/a><\/div><\/div>\n<\/div><\/div><\/section>\n\n\n\n<p><\/p>\n","protected":false},"excerpt":{"rendered":"","protected":false},"author":3,"featured_media":0,"parent":0,"menu_order":0,"comment_status":"closed","ping_status":"closed","template":"","meta":{"_acf_changed":false,"footnotes":""},"class_list":["post-726","page","type-page","status-publish"],"acf":[],"_links":{"self":[{"href":"https:\/\/jakola.fi\/de\/wp-json\/wp\/v2\/pages\/726","targetHints":{"allow":["GET"]}}],"collection":[{"href":"https:\/\/jakola.fi\/de\/wp-json\/wp\/v2\/pages"}],"about":[{"href":"https:\/\/jakola.fi\/de\/wp-json\/wp\/v2\/types\/page"}],"author":[{"embeddable":true,"href":"https:\/\/jakola.fi\/de\/wp-json\/wp\/v2\/users\/3"}],"replies":[{"embeddable":true,"href":"https:\/\/jakola.fi\/de\/wp-json\/wp\/v2\/comments?post=726"}],"version-history":[{"count":1,"href":"https:\/\/jakola.fi\/de\/wp-json\/wp\/v2\/pages\/726\/revisions"}],"predecessor-version":[{"id":744,"href":"https:\/\/jakola.fi\/de\/wp-json\/wp\/v2\/pages\/726\/revisions\/744"}],"wp:attachment":[{"href":"https:\/\/jakola.fi\/de\/wp-json\/wp\/v2\/media?parent=726"}],"curies":[{"name":"wp","href":"https:\/\/api.w.org\/{rel}","templated":true}]}}