{"id":725,"date":"2024-05-02T12:09:55","date_gmt":"2024-05-02T12:09:55","guid":{"rendered":"https:\/\/jakola.iwn.co\/hinnasto\/"},"modified":"2025-12-17T11:38:02","modified_gmt":"2025-12-17T11:38:02","slug":"preisliste","status":"publish","type":"page","link":"https:\/\/jakola.fi\/de\/preisliste\/","title":{"rendered":"Preisliste"},"content":{"rendered":"\n<section id=\"gm47fa674\" class=\"wp-block-gutentor-m3 alignfull section-gm47fa674 gutentor-module gutentor-container-cover\"><div class=\"grid-container\">\n<section id=\"gm0579258\" class=\"wp-block-gutentor-m4 section-gm0579258 gutentor-module gutentor-advanced-columns\"><div class=\"grid-container\"><div class=\"grid-row\">\n<div id=\"col-gm6d01aa\" class=\"wp-block-gutentor-m4-col col-gm6d01aa gutentor-single-column  grid-lg-12 grid-md-12 grid-12\"><div id=\"section-gm6d01aa\" class=\"section-gm6d01aa gutentor-col-wrap\">\n<div id=\"section-g6e7c33\" class=\"wp-block-gutentor-e1 section-g6e7c33 gutentor-element gutentor-element-advanced-text\"><div class=\"gutentor-text-wrap\"><h3 class=\"gutentor-text\">UNTERKUNFT<\/h3><\/div><\/div>\n<\/div><\/div>\n<\/div><\/div><\/section>\n\n\n\n<section id=\"gm8066e7d\" class=\"wp-block-gutentor-m4 section-gm8066e7d gutentor-module gutentor-advanced-columns gutentor-equal-column-height\"><div class=\"grid-container\"><div class=\"grid-row\">\n<div id=\"col-gm7e63fd\" class=\"wp-block-gutentor-m4-col col-gm7e63fd gutentor-single-column  grid-lg-3 grid-md-12 grid-12\"><div id=\"section-gm7e63fd\" class=\"section-gm7e63fd gutentor-col-wrap has-color-bg has-custom-bg\">\n<div id=\"section-g0a05c8\" class=\"wp-block-gutentor-e1 section-g0a05c8 gutentor-element gutentor-element-advanced-text\"><div class=\"gutentor-text-wrap\"><h4 class=\"gutentor-text\">Rentola<\/h4><\/div><\/div>\n\n\n\n<div id=\"section-gbbf555\" class=\"wp-block-gutentor-e0 section-gbbf555 gutentor-element gutentor-element-advanced-text\"><div class=\"gutentor-text-wrap\"><p class=\"gutentor-text\">ab 150 \u20ac\/Tag <br>ab 400 \u20ac\/Wochenende <br>ab 700-950 \u20ac\/Woche<br><\/p><\/div><\/div>\n\n\n\n<div id=\"section-g8954e7\" class=\"wp-block-gutentor-e2 section-g8954e7 gutentor-element gutentor-element-button\"><span class=\"gutentor-button-wrap\"><a class=\"gutentor-button gutentor-block-button gutentor-icon-hide\" href=\"https:\/\/www.booking.com\/hotel\/fi\/rentola.de.html?lang=de&amp;soz=1&amp;lang_changed=1\" target=\"_blank\" rel=\" noopener noreferrer\"><i class=\"gutentor-button-icon fas fa-book\"><\/i><span>Booking.com<\/span><\/a><\/span><\/div>\n\n\n\n<div id=\"section-g054315\" class=\"wp-block-gutentor-e2 section-g054315 gutentor-element gutentor-element-button\"><span class=\"gutentor-button-wrap\"><a class=\"gutentor-button gutentor-block-button gutentor-icon-hide\" href=\"https:\/\/de.airbnb.lu\/rooms\/14657122?source_impression_id=p3_1717582627_P3dSArcwjPu8dj30&amp;_set_bev_on_new_domain=1715768739_Yzc2ODVlN2FkN2Rj\" target=\"_blank\" rel=\" noopener noreferrer\"><i class=\"gutentor-button-icon fas fa-book\"><\/i><span>AirBNB<\/span><\/a><\/span><\/div>\n<\/div><\/div>\n\n\n\n<div id=\"col-gm9bf831\" class=\"wp-block-gutentor-m4-col col-gm9bf831 gutentor-single-column  grid-lg-3 grid-md-12 grid-12\"><div id=\"section-gm9bf831\" class=\"section-gm9bf831 gutentor-col-wrap has-color-bg has-custom-bg\">\n<div id=\"section-g7d2752\" class=\"wp-block-gutentor-e1 section-g7d2752 gutentor-element gutentor-element-advanced-text\"><div class=\"gutentor-text-wrap\"><h4 class=\"gutentor-text\">Villa Mertala<\/h4><\/div><\/div>\n\n\n\n<div id=\"section-g2de6d9\" class=\"wp-block-gutentor-e0 section-g2de6d9 gutentor-element gutentor-element-advanced-text\"><div class=\"gutentor-text-wrap\"><p class=\"gutentor-text\">ab 150 \u20ac\/Tag <br>ab 350 \u20ac\/Wochenende <br>ab 600-850 \u20ac\/Woche<\/p><\/div><\/div>\n\n\n\n<div id=\"section-g9447d1\" class=\"wp-block-gutentor-e2 section-g9447d1 gutentor-element gutentor-element-button\"><span class=\"gutentor-button-wrap\"><a class=\"gutentor-button gutentor-block-button gutentor-icon-hide\" href=\"https:\/\/www.booking.com\/hotel\/fi\/villa-mertala.de.html?lang=de&amp;soz=1&amp;lang_changed=1\" target=\"_blank\" rel=\" noopener noreferrer\"><i class=\"gutentor-button-icon fas fa-book\"><\/i><span>Booking.com<\/span><\/a><\/span><\/div>\n<\/div><\/div>\n\n\n\n<div id=\"col-gm09312f\" class=\"wp-block-gutentor-m4-col col-gm09312f gutentor-single-column  grid-lg-3 grid-md-12 grid-12\"><div id=\"section-gm09312f\" class=\"section-gm09312f gutentor-col-wrap has-color-bg has-custom-bg\">\n<div id=\"section-g69df1f\" class=\"wp-block-gutentor-e1 section-g69df1f gutentor-element gutentor-element-advanced-text\"><div class=\"gutentor-text-wrap\"><h4 class=\"gutentor-text\">Mertaranta<\/h4><\/div><\/div>\n\n\n\n<div id=\"section-g497a50\" class=\"wp-block-gutentor-e0 section-g497a50 gutentor-element gutentor-element-advanced-text\"><div class=\"gutentor-text-wrap\"><p class=\"gutentor-text\">ab 60 \u20ac\/Tag <br>ab 160 \u20ac\/Wochenende <br>ab 400 \u20ac\/Woche<\/p><\/div><\/div>\n\n\n\n<div id=\"section-g22c8a8\" class=\"wp-block-gutentor-e2 section-g22c8a8 gutentor-element gutentor-element-button\"><span class=\"gutentor-button-wrap\"><a class=\"gutentor-button gutentor-block-button gutentor-icon-hide\" href=\"https:\/\/www.booking.com\/hotel\/fi\/mertaranta.de.html?lang=de&amp;soz=1&amp;lang_changed=1\" target=\"_blank\" rel=\" noopener noreferrer\"><i class=\"gutentor-button-icon fas fa-book\"><\/i><span>Booking.com<\/span><\/a><\/span><\/div>\n<\/div><\/div>\n\n\n\n<div id=\"col-gmaa4c10\" class=\"wp-block-gutentor-m4-col col-gmaa4c10 gutentor-single-column  grid-lg-3 grid-md-12 grid-12\"><div id=\"section-gmaa4c10\" class=\"section-gmaa4c10 gutentor-col-wrap has-color-bg has-custom-bg\">\n<div id=\"section-geb6918\" class=\"wp-block-gutentor-e1 section-geb6918 gutentor-element gutentor-element-advanced-text\"><div class=\"gutentor-text-wrap\"><h4 class=\"gutentor-text\">Mulikan HillTon B&amp;B<\/h4><\/div><\/div>\n\n\n\n<div id=\"section-g3d4741\" class=\"wp-block-gutentor-e0 section-g3d4741 gutentor-element gutentor-element-advanced-text\"><div class=\"gutentor-text-wrap\"><p class=\"gutentor-text\"><strong>Unterkunft:<\/strong> 85 \u20ac\/ Tag (im Doppelzimmer).<br><strong>Fr\u00fchst\u00fcck:<\/strong> 10 \u20ac\/Person, reichhaltiges Fr\u00fchst\u00fcck 14 \u20ac\/Person.<\/p><\/div><\/div>\n\n\n\n<div id=\"section-g484a92\" class=\"wp-block-gutentor-e2 section-g484a92 gutentor-element gutentor-element-button\"><span class=\"gutentor-button-wrap\"><a class=\"gutentor-button gutentor-block-button gutentor-icon-hide\" href=\"https:\/\/www.booking.com\/hotel\/fi\/mulikan-hilton-b-amp-b-spw.de.html?lang=de&amp;soz=1&amp;lang_changed=1\" target=\"_blank\" rel=\" noopener noreferrer\"><i class=\"gutentor-button-icon fas fa-book\"><\/i><span>Booking.com<\/span><\/a><\/span><\/div>\n\n\n\n<div id=\"section-g387d98\" class=\"wp-block-gutentor-e2 section-g387d98 gutentor-element gutentor-element-button\"><span class=\"gutentor-button-wrap\"><a class=\"gutentor-button gutentor-block-button gutentor-icon-hide\" href=\"https:\/\/de.airbnb.lu\/rooms\/14657911?source_impression_id=p3_1717582525_P3sqv9JYvqsC2jMV&amp;_set_bev_on_new_domain=1715768739_Yzc2ODVlN2FkN2Rj\" target=\"_blank\" rel=\" noopener noreferrer\"><i class=\"gutentor-button-icon fas fa-book\"><\/i><span>AirBNB<\/span><\/a><\/span><\/div>\n<\/div><\/div>\n<\/div><\/div><\/section>\n\n\n\n<section id=\"gmb43a74d\" class=\"wp-block-gutentor-m4 section-gmb43a74d gutentor-module gutentor-advanced-columns\"><div class=\"grid-container\"><div class=\"grid-row\">\n<div id=\"col-gme252c5\" class=\"wp-block-gutentor-m4-col col-gme252c5 gutentor-single-column  grid-lg-12 grid-md-12 grid-12\"><div id=\"section-gme252c5\" class=\"section-gme252c5 gutentor-col-wrap\">\n<div id=\"section-gbbfb08\" class=\"wp-block-gutentor-e0 section-gbbfb08 gutentor-element gutentor-element-advanced-text\"><div class=\"gutentor-text-wrap\"><p class=\"gutentor-text\">Die Preise der Ferienh\u00e4user verstehen sich ohne Bettw\u00e4sche und Endreinigung.<br><br>Bettw\u00e4sche: 15 \u20ac\/Person inklusive Handtuch.<\/p><\/div><\/div>\n\n\n\n<div id=\"section-gd6ce64\" class=\"wp-block-gutentor-e1 section-gd6ce64 gutentor-element gutentor-element-advanced-text\"><div class=\"gutentor-text-wrap\"><h4 class=\"gutentor-text\">Endreinigung:<\/h4><\/div><\/div>\n\n\n\n<div id=\"section-ge32083\" class=\"wp-block-gutentor-e0 section-ge32083 gutentor-element gutentor-element-advanced-text\"><div class=\"gutentor-text-wrap\"><p class=\"gutentor-text\">Villa Mertala 95 \u20ac<br>Rentola 110 \u20ac<br>Mertaranta 40 \u20ac<\/p><\/div><\/div>\n<\/div><\/div>\n<\/div><\/div><\/section>\n\n\n\n<section id=\"gm1cb4e01\" class=\"wp-block-gutentor-m4 section-gm1cb4e01 gutentor-module gutentor-advanced-columns\"><div class=\"grid-container\"><div class=\"grid-row\">\n<div id=\"col-gm8efbd0\" class=\"wp-block-gutentor-m4-col col-gm8efbd0 gutentor-single-column  grid-lg-12 grid-md-12 grid-12\"><div id=\"section-gm8efbd0\" class=\"section-gm8efbd0 gutentor-col-wrap\">\n<div id=\"section-g238114\" class=\"wp-block-gutentor-e1 section-g238114 gutentor-element gutentor-element-advanced-text\"><div class=\"gutentor-text-wrap\"><h3 class=\"gutentor-text\">MULIKAN HILLTON B&amp;B<\/h3><\/div><\/div>\n\n\n\n<div id=\"section-gffe968\" class=\"wp-block-gutentor-e0 section-gffe968 gutentor-element gutentor-element-advanced-text\"><div class=\"gutentor-text-wrap\"><p class=\"gutentor-text\"><strong>Unterkunft:<\/strong> 85 \u20ac\/Tag (im Doppelzimmer).<br><strong>Fr\u00fchst\u00fcck:<\/strong> 10 \u20ac\/Person, reichhaltiges Fr\u00fchst\u00fcck 14 \u20ac\/Person.<br><br><strong>Veranstaltungsr\u00e4ume:<\/strong><br>3 S\u00e4le 700 \u20ac Fr-So, 300 \u20ac Sa-So (ohne Dekoration), wenn die hauseigenen Catering-Services genutzt werden.<br>2 S\u00e4le 350 \u20ac Fr-So, 200 \u20ac Sa-So.<br><br>Die Preise beinhalten Bettw\u00e4sche, Endreinigung und Tontechnik.<br>Gesch\u00e4ftsbedingungen<\/p><\/div><\/div>\n\n\n\n<div id=\"section-g5027ad\" class=\"wp-block-gutentor-e1 section-g5027ad gutentor-element gutentor-element-advanced-text\"><div class=\"gutentor-text-wrap\"><h4 class=\"gutentor-text\">SONSTIGE PREISE<\/h4><\/div><\/div>\n<\/div><\/div>\n<\/div><\/div><\/section>\n\n\n\n<section id=\"gmf5bfea0\" class=\"wp-block-gutentor-m4 section-gmf5bfea0 gutentor-module gutentor-advanced-columns gutentor-equal-column-height\"><div class=\"grid-container\"><div class=\"grid-row\">\n<div id=\"col-gm0ab175\" class=\"wp-block-gutentor-m4-col col-gm0ab175 gutentor-single-column  grid-lg-4 grid-md-12 grid-12\"><div id=\"section-gm0ab175\" class=\"section-gm0ab175 gutentor-col-wrap has-color-bg has-custom-bg\">\n<div id=\"section-g54f997\" class=\"wp-block-gutentor-e1 section-g54f997 gutentor-element gutentor-element-advanced-text\"><div class=\"gutentor-text-wrap\"><h4 class=\"gutentor-text\">Angelgenehmigungen<\/h4><\/div><\/div>\n\n\n\n<div id=\"section-g567881\" class=\"wp-block-gutentor-e0 section-g567881 gutentor-element gutentor-element-advanced-text\"><div class=\"gutentor-text-wrap\"><p class=\"gutentor-text\"><strong>Stromschnellen:<\/strong><\/p><\/div><\/div>\n\n\n\n<div id=\"section-gfb96d8\" class=\"wp-block-gutentor-e7 section-gfb96d8 gutentor-element gutentor-element-list\"><ul class=\"grid-row gutentor-grid-item-wrap list-indicator-icon\"><li class=\"gutentor-list-item grid-lg-12 grid-md-12 grid-12\"><span class=\"gutentor-single-item gutentor-single-item-0\"><span class=\"gutentor-list-item-wrap g-s-list-wrap\"><span class=\"gutentor-single-list-item-icon\"><i class=\"list-item-icon fas fa-angle-right\"><\/i><\/span><span class=\"gutentor-list-item\"><p class=\"gutentor-single-item-title\">Heijostenkosket 25\u20ac \/ Tag<\/p><\/span><\/span><\/span><\/li><li class=\"gutentor-list-item grid-lg-12 grid-md-12 grid-12\"><span class=\"gutentor-single-item gutentor-single-item-1\"><span class=\"gutentor-list-item-wrap g-s-list-wrap\"><span class=\"gutentor-single-list-item-icon\"><i class=\"list-item-icon fas fa-angle-right\"><\/i><\/span><span class=\"gutentor-list-item\"><p class=\"gutentor-single-item-title\">Karajoki 5\u20ac \/ Tag<\/p><\/span><\/span><\/span><\/li><\/ul><\/div>\n\n\n\n<div id=\"section-g1743ab\" class=\"wp-block-gutentor-e1 section-g1743ab gutentor-element gutentor-element-advanced-text\"><div class=\"gutentor-text-wrap\"><p class=\"gutentor-text\">(weitere Informationen unter <a href=\"http:\/\/kalapaikka.net\" target=\"_blank\" rel=\"noreferrer noopener\">www.kalapaikka.net<\/a>)<\/p><\/div><\/div>\n<\/div><\/div>\n\n\n\n<div id=\"col-gm11f6d0\" class=\"wp-block-gutentor-m4-col col-gm11f6d0 gutentor-single-column  grid-lg-4 grid-md-12 grid-12\"><div id=\"section-gm11f6d0\" class=\"section-gm11f6d0 gutentor-col-wrap has-color-bg has-custom-bg\">\n<div id=\"section-g819e00\" class=\"wp-block-gutentor-e1 section-g819e00 gutentor-element gutentor-element-advanced-text\"><div class=\"gutentor-text-wrap\"><h4 class=\"gutentor-text\">F\u00fchrung durch das Automuseum<\/h4><\/div><\/div>\n\n\n\n<div id=\"section-g9f7c9f\" class=\"wp-block-gutentor-e0 section-g9f7c9f gutentor-element gutentor-element-advanced-text\"><div class=\"gutentor-text-wrap\"><p class=\"gutentor-text\">8 \u20ac \/ Person. Verpflegung, Gruppenessen und Transfers nach Vereinbarung.<\/p><\/div><\/div>\n<\/div><\/div>\n\n\n\n<div id=\"col-gm36303d\" class=\"wp-block-gutentor-m4-col col-gm36303d gutentor-single-column  grid-lg-4 grid-md-12 grid-12\"><div id=\"section-gm36303d\" class=\"section-gm36303d gutentor-col-wrap has-color-bg has-custom-bg\">\n<div id=\"section-g24a922\" class=\"wp-block-gutentor-e1 section-g24a922 gutentor-element gutentor-element-advanced-text\"><div class=\"gutentor-text-wrap\"><h4 class=\"gutentor-text\">Mietgeb\u00fchren f\u00fcr Ausr\u00fcstung<\/h4><\/div><\/div>\n\n\n\n<div id=\"section-gd19cd6\" class=\"wp-block-gutentor-e0 section-gd19cd6 gutentor-element gutentor-element-advanced-text\"><div class=\"gutentor-text-wrap\"><p class=\"gutentor-text\">Au\u00dfenborder 2,3 PS, Indianerkanu, Kajak, Skiausr\u00fcstung und Fahrr\u00e4der werden bei Bedarf vermietet.<\/p><\/div><\/div>\n<\/div><\/div>\n<\/div><\/div><\/section>\n\n\n\n<section id=\"gme6bcef6\" class=\"wp-block-gutentor-m3 section-gme6bcef6 gutentor-module gutentor-container-cover\"><div class=\"grid-container\">\n<p>Die endg\u00fcltigen Preise richten sich nach der Gruppengr\u00f6\u00dfe, dem Programm und den Unterkunftsbed\u00fcrfnissen. Wir erstellen gerne Komplettpakete.<\/p>\n<\/div><\/section>\n<\/div><\/section>\n\n\n","protected":false},"excerpt":{"rendered":"","protected":false},"author":3,"featured_media":0,"parent":0,"menu_order":0,"comment_status":"closed","ping_status":"closed","template":"","meta":{"_acf_changed":false,"footnotes":""},"class_list":["post-725","page","type-page","status-publish"],"acf":[],"_links":{"self":[{"href":"https:\/\/jakola.fi\/de\/wp-json\/wp\/v2\/pages\/725","targetHints":{"allow":["GET"]}}],"collection":[{"href":"https:\/\/jakola.fi\/de\/wp-json\/wp\/v2\/pages"}],"about":[{"href":"https:\/\/jakola.fi\/de\/wp-json\/wp\/v2\/types\/page"}],"author":[{"embeddable":true,"href":"https:\/\/jakola.fi\/de\/wp-json\/wp\/v2\/users\/3"}],"replies":[{"embeddable":true,"href":"https:\/\/jakola.fi\/de\/wp-json\/wp\/v2\/comments?post=725"}],"version-history":[{"count":3,"href":"https:\/\/jakola.fi\/de\/wp-json\/wp\/v2\/pages\/725\/revisions"}],"predecessor-version":[{"id":929,"href":"https:\/\/jakola.fi\/de\/wp-json\/wp\/v2\/pages\/725\/revisions\/929"}],"wp:attachment":[{"href":"https:\/\/jakola.fi\/de\/wp-json\/wp\/v2\/media?parent=725"}],"curies":[{"name":"wp","href":"https:\/\/api.w.org\/{rel}","templated":true}]}}