{"id":722,"date":"2024-05-02T12:10:35","date_gmt":"2024-05-02T12:10:35","guid":{"rendered":"https:\/\/jakola.iwn.co\/meista\/"},"modified":"2024-06-05T10:50:17","modified_gmt":"2024-06-05T10:50:17","slug":"uber-uns","status":"publish","type":"page","link":"https:\/\/jakola.fi\/de\/uber-uns\/","title":{"rendered":"\u00dcber uns"},"content":{"rendered":"\n<section id=\"gmc5d1a27\" class=\"wp-block-gutentor-m3 alignfull section-gmc5d1a27 gutentor-module gutentor-container-cover\"><div class=\"grid-container\">\n<section id=\"gm45fbcc2\" class=\"wp-block-gutentor-m4 section-gm45fbcc2 gutentor-module gutentor-advanced-columns\"><div class=\"grid-container\"><div class=\"grid-row\">\n<div id=\"col-gm158d5b\" class=\"wp-block-gutentor-m4-col col-gm158d5b gutentor-single-column  grid-lg-6 grid-md-12 grid-12\"><div id=\"section-gm158d5b\" class=\"section-gm158d5b gutentor-col-wrap\">\n<div id=\"section-g78ceba\" class=\"wp-block-gutentor-e1 section-g78ceba gutentor-element gutentor-element-advanced-text\"><div class=\"gutentor-text-wrap\"><h3 class=\"gutentor-text\">Jakola Hof feierte 2018 sein 100-j\u00e4hriges Bestehen<\/h3><\/div><\/div>\n\n\n\n<div id=\"section-ge86ce9\" class=\"wp-block-gutentor-e0 section-ge86ce9 gutentor-element gutentor-element-advanced-text\"><div class=\"gutentor-text-wrap\"><p class=\"gutentor-text\">Das Anwesen befindet sich in P\u00e4\u00e4j\u00e4rvi, einem Dorf in Saarij\u00e4rvi, und umfasst neben dem Hauptgeb\u00e4ude aus dem fr\u00fchen 20. Jahrhundert auch die separate Villa Rentola, die hochwertige H\u00fctte Villa Mertala, die Saunah\u00fctte Mertaranta und die ehemalige Dorfschule Mulikka Hillton. Auf dem Hauptgel\u00e4nde befindet sich auch das Jakolas Automuseum, eines der gr\u00f6\u00dften Automuseen Finnlands.<br><br>Zu unseren Dienstleistungen geh\u00f6ren Unterk\u00fcnfte, Gastronomie- und Veranstaltungsservice sowie verschiedene naturbezogene Aktivit\u00e4ten je nach Jahreszeit. Die ruhige und vielseitige Umgebung erm\u00f6glicht Aktivit\u00e4ten wie Angeln, Bootfahren, Skifahren, Wandern, Beeren- und Pilzsammeln. Alle unsere Unterk\u00fcnfte sind rauchfrei und tierfreundlich. Kostenloses WLAN ist in jeder Unterkunft verf\u00fcgbar.<\/p><\/div><\/div>\n<\/div><\/div>\n\n\n\n<div id=\"col-gmb0aeae\" class=\"wp-block-gutentor-m4-col col-gmb0aeae gutentor-single-column  grid-lg-6 grid-md-12 grid-12\"><div id=\"section-gmb0aeae\" class=\"section-gmb0aeae gutentor-col-wrap\">\n<div id=\"section-g656a88\" class=\"wp-block-gutentor-e6 section-g656a88 gutentor-element gutentor-element-image\"><div class=\"gutentor-element-image-box\"><div class=\"gutentor-image-thumb\"><img decoding=\"async\" class=\"normal-image\" src=\"https:\/\/jakola.fi\/wp-content\/uploads\/2024\/05\/bg-left.jpg\" \/><\/div><\/div><\/div>\n<\/div><\/div>\n<\/div><\/div><\/section>\n<\/div><\/section>\n\n\n\n<section id=\"gme28e782\" class=\"wp-block-gutentor-m3 alignfull section-gme28e782 gutentor-module gutentor-container-cover has-color-bg has-custom-bg\"><div class=\"grid-container\">\n<section id=\"gm1e69660\" class=\"wp-block-gutentor-m4 section-gm1e69660 gutentor-module gutentor-advanced-columns\"><div class=\"grid-container\"><div class=\"grid-row\">\n<div id=\"col-gm2c13d4\" class=\"wp-block-gutentor-m4-col col-gm2c13d4 gutentor-single-column  grid-lg-6 grid-md-12 grid-12\"><div id=\"section-gm2c13d4\" class=\"section-gm2c13d4 gutentor-col-wrap\">\n<div id=\"section-gd333b7\" class=\"wp-block-gutentor-e6 section-gd333b7 gutentor-element gutentor-element-image  d-md-none d-lg-block d-none\"><div class=\"gutentor-element-image-box\"><div class=\"gutentor-image-thumb\"><img decoding=\"async\" class=\"normal-image\" src=\"https:\/\/jakola.fi\/wp-content\/uploads\/2024\/05\/malja-Mty-Jakola.jpg\" \/><\/div><\/div><\/div>\n<\/div><\/div>\n\n\n\n<div id=\"col-gmaa1cf2\" class=\"wp-block-gutentor-m4-col col-gmaa1cf2 gutentor-single-column  grid-lg-6 grid-md-12 grid-12\"><div id=\"section-gmaa1cf2\" class=\"section-gmaa1cf2 gutentor-col-wrap\">\n<div id=\"section-gfb8f7a\" class=\"wp-block-gutentor-e1 section-gfb8f7a gutentor-element gutentor-element-advanced-text\"><div class=\"gutentor-text-wrap\"><h3 class=\"gutentor-text\">Eine Tradition in vielen Generationen<\/h3><\/div><\/div>\n\n\n\n<div id=\"section-g1f1a18\" class=\"wp-block-gutentor-e0 section-g1f1a18 gutentor-element gutentor-element-advanced-text\"><div class=\"gutentor-text-wrap\"><p class=\"gutentor-text\">Im Jahr 2022 erfolgte ein Generationswechsel, und die aktuellen Besitzer gr\u00fcndeten die Jakolas Landwirtschaftsgenossenschaft. Die Geschwister Ilkka, Vesa, Hannele und Antti f\u00fchren das Unternehmen in der vierten Generation fort.<br><br>Esa und Mirja wohnen immer noch auf dem Hof und k\u00fcmmern sich bei Bedarf um den Betrieb der Unterk\u00fcnfte und die Verwaltung der Immobilien. Mulikka HillTon befindet sich weiterhin im Besitz von Mirja und Esa.<br><br>Willkommen, um unsere l\u00e4ndliche Ruhe in unseren H\u00fctten und Landhotels in vollen Z\u00fcgen zu genie\u00dfen!<br><br>Mit freundlichen Gr\u00fc\u00dfen,Ilkka, Vesa, Hannele und Antti, zusammen mit\u00a0Mirja\u00a0und\u00a0Esa.<\/p><\/div><\/div>\n\n\n\n<div id=\"section-g4718e5\" class=\"wp-block-gutentor-e6 section-g4718e5 gutentor-element gutentor-element-image d-lg-none\"><div class=\"gutentor-element-image-box\"><div class=\"gutentor-image-thumb\"><img decoding=\"async\" class=\"normal-image\" src=\"https:\/\/jakola.fi\/wp-content\/uploads\/2024\/05\/malja-Mty-Jakola.jpg\" \/><\/div><\/div><\/div>\n<\/div><\/div>\n<\/div><\/div><\/section>\n<\/div><\/section>\n\n\n\n<section id=\"gma52a7cb\" class=\"wp-block-gutentor-m3 alignfull section-gma52a7cb gutentor-module gutentor-container-cover\"><div class=\"grid-container\">\n<section id=\"gm936bc16\" class=\"wp-block-gutentor-m4 section-gm936bc16 gutentor-module gutentor-advanced-columns\"><div class=\"grid-container\"><div class=\"grid-row\">\n<div id=\"col-gm1067fd\" class=\"wp-block-gutentor-m4-col col-gm1067fd gutentor-single-column  grid-lg-6 grid-md-12 grid-12\"><div id=\"section-gm1067fd\" class=\"section-gm1067fd gutentor-col-wrap\">\n<div id=\"section-g75157d\" class=\"wp-block-gutentor-e1 section-g75157d gutentor-element gutentor-element-advanced-text\"><div class=\"gutentor-text-wrap\"><h3 class=\"gutentor-text\">Die Zukunft und Vitalit\u00e4t des l\u00e4ndlichen<\/h3><\/div><\/div>\n\n\n\n<div id=\"section-g958015\" class=\"wp-block-gutentor-e0 section-g958015 gutentor-element gutentor-element-advanced-text\"><div class=\"gutentor-text-wrap\"><p class=\"gutentor-text\">Raums sind uns wichtig, daher hoffen wir, dass auch die f\u00fcnfte Generation noch den Enthusiasmus und die M\u00f6glichkeit hat, die Aktivit\u00e4ten fortzusetzen. Die f\u00fcnfte Generation sind Mirjas und Esas sieben s\u00fc\u00dfe Enkelkinder, die derzeit alle unter 8\u00a0Jahre\u00a0alt\u00a0sind.<\/p><\/div><\/div>\n\n\n\n<div id=\"section-g813f2c\" class=\"wp-block-gutentor-e1 section-g813f2c gutentor-element gutentor-element-advanced-text\"><div class=\"gutentor-text-wrap\"><h3 class=\"gutentor-text\">Kontaktieren Sie uns!<\/h3><\/div><\/div>\n\n\n\n<p><strong>E-mail: <\/strong>mirja.oikari@jakola.fi<br><strong>Tel:<\/strong> 040 5653716<\/p>\n<\/div><\/div>\n\n\n\n<div id=\"col-gmf88508\" class=\"wp-block-gutentor-m4-col col-gmf88508 gutentor-single-column  grid-lg-6 grid-md-12 grid-12\"><div id=\"section-gmf88508\" class=\"section-gmf88508 gutentor-col-wrap\">\n<div id=\"section-g6b9d21\" class=\"wp-block-gutentor-e6 section-g6b9d21 gutentor-element gutentor-element-image\"><div class=\"gutentor-element-image-box\"><div class=\"gutentor-bg-image\"><\/div><\/div><\/div>\n<\/div><\/div>\n<\/div><\/div><\/section>\n<\/div><\/section>\n","protected":false},"excerpt":{"rendered":"","protected":false},"author":3,"featured_media":0,"parent":0,"menu_order":0,"comment_status":"closed","ping_status":"closed","template":"","meta":{"_acf_changed":false,"footnotes":""},"class_list":["post-722","page","type-page","status-publish"],"acf":[],"_links":{"self":[{"href":"https:\/\/jakola.fi\/de\/wp-json\/wp\/v2\/pages\/722","targetHints":{"allow":["GET"]}}],"collection":[{"href":"https:\/\/jakola.fi\/de\/wp-json\/wp\/v2\/pages"}],"about":[{"href":"https:\/\/jakola.fi\/de\/wp-json\/wp\/v2\/types\/page"}],"author":[{"embeddable":true,"href":"https:\/\/jakola.fi\/de\/wp-json\/wp\/v2\/users\/3"}],"replies":[{"embeddable":true,"href":"https:\/\/jakola.fi\/de\/wp-json\/wp\/v2\/comments?post=722"}],"version-history":[{"count":1,"href":"https:\/\/jakola.fi\/de\/wp-json\/wp\/v2\/pages\/722\/revisions"}],"predecessor-version":[{"id":760,"href":"https:\/\/jakola.fi\/de\/wp-json\/wp\/v2\/pages\/722\/revisions\/760"}],"wp:attachment":[{"href":"https:\/\/jakola.fi\/de\/wp-json\/wp\/v2\/media?parent=722"}],"curies":[{"name":"wp","href":"https:\/\/api.w.org\/{rel}","templated":true}]}}